{"id":682,"date":"2019-09-04T09:14:04","date_gmt":"2019-09-04T09:14:04","guid":{"rendered":"http:\/\/hw.creativebox.se\/?page_id=682"},"modified":"2023-03-14T13:54:24","modified_gmt":"2023-03-14T13:54:24","slug":"datenschutzerklaerung","status":"publish","type":"page","link":"https:\/\/horlewire.com\/de\/datenschutzerklaerung\/","title":{"rendered":"Datenschutzerkl\u00e4rung"},"content":{"rendered":"\n<style type=\"text\/css\" data-created_by=\"avia_inline_auto\" id=\"style-css-av-k2otzfxd-09c4fdffe68bf593bbb3e67a425c36b9\">\n.flex_column.av-k2otzfxd-09c4fdffe68bf593bbb3e67a425c36b9{\n-webkit-border-radius:0px 0px 0px 0px;\n-moz-border-radius:0px 0px 0px 0px;\nborder-radius:0px 0px 0px 0px;\npadding:0px 0px 160px 0px;\n}\n<\/style>\n<div class='flex_column av-k2otzfxd-09c4fdffe68bf593bbb3e67a425c36b9 av_two_third  avia-builder-el-0  avia-builder-el-no-sibling  hw-container ger-footer-page first flex_column_div '     ><section  class='av_textblock_section av-k2otzjux-7c4d0eb0e6ebe9a8b883e4ea3f726232'  itemscope=\"itemscope\" itemtype=\"https:\/\/schema.org\/CreativeWork\" ><div class='avia_textblock'  itemprop=\"text\" ><h1>DATENSCHUTZERKL\u00c4RUNG<\/h1>\n<h2>\u00a71. NAME UND KONTAKTDATEN DES VERANTWORTLICHEN<\/h2>\n<p>Diese Datenschutzerkl\u00e4rung informiert \u00fcber die Verarbeitung personenbezogener Daten auf der Webseite der Firma: Huesecken Wire GmbH<\/p>\n<p>Verantwortlicher:<\/p>\n<p>Huesecken Wire GmbH<\/p>\n<p>Nimmertal 120<\/p>\n<p>58119 Hagen<\/p>\n<p>Tel.: +49 (0) 2334 919 70<\/p>\n<p>Email: datenschutz@huesecken.de<\/p>\n<p>Kontaktdaten des Datenschutzbeauftragten:<\/p>\n<p>Beate Kemper<br \/>\nc\/o NH IT Services GmbH<br \/>\nLange Str. 19<\/p>\n<p>58636 Iserlohn<\/p>\n<p>Der\/die Datenschutzbeauftragte des Unternehmens ist unter der vorstehenden Firmenanschrift und unter datenschutz@nh-itservices.de erreichbar.<\/p>\n<h2>\u00a72. UMFANG UND ZWECK DER VERARBEITUNG PERSONENBEZOGENER DATEN<\/h2>\n<h3>2.1 Aufruf der Webseite<\/h3>\n<p>Beim Aufruf dieser Webseite werden durch den Internet-Browser, den der Besucher verwendet, automatisch Daten an den Server dieser Webseite gesendet und zeitlich begrenzt in einer Protokolldatei (Logfile) gespeichert. Bis zur automatischen L\u00f6schung werden nachstehende Daten ohne weitere Eingabe des Besuchers gespeichert:<\/p>\n<ul>\n<li>IP-Adresse des Endger\u00e4ts des Besuchers,<\/li>\n<li>Datum und Uhrzeit des Zugriffs durch den Besucher,<\/li>\n<li>Name und URL der vom Besucher aufgerufenen Seite,<\/li>\n<li>Webseite, von der aus der Besucher auf die Unternehmenswebseite gelangt (sog. Referrer-URL),<\/li>\n<li>Browser und Betriebssystem des Endger\u00e4ts des Besuchers sowie der Name des vom Besucher verwendeten Access-Providers.<\/li>\n<\/ul>\n<p>Die Verarbeitung dieser personenbezogenen Daten ist gem. Art. 6 Abs. 1 Satz 1 Buchst. f) DS-GVO gerechtfertigt. Die Firma hat ein berechtigtes Interesse an der Datenverarbeitung zu dem Zweck,<\/p>\n<ul>\n<li>die Verbindung zur Webseite z\u00fcgig aufzubauen,<\/li>\n<li>eine nutzerfreundliche Anwendung der Webseite zu erm\u00f6glichen,<\/li>\n<li>die Sicherheit und Stabilit\u00e4t der Systeme zu erkennen und zu gew\u00e4hrleisten und<\/li>\n<li>die Administration der Webseite zu erleichtern und zu verbessern.<\/li>\n<\/ul>\n<p>Die Verarbeitung erfolgt ausdr\u00fccklich nicht zu dem Zweck, Erkenntnisse \u00fcber die Person des Besuchers der Webseite zu gewinnen.<\/p>\n<h3>2.2 Bei Nutzung unserer Kontaktm\u00f6glichkeit<\/h3>\n<p>Es ist eine Kontaktaufnahme \u00fcber die bereitgestellte E-Mail-Adresse m\u00f6glich. In diesem Fall werden Ihre mit der E-Mail \u00fcbermittelten personenbezogenen Daten gespeichert.<\/p>\n<p>Es erfolgt in diesem Zusammenhang keine Weitergabe der Daten an Dritte. Die Daten werden ausschlie\u00dflich f\u00fcr die Verarbeitung der Konversation verwendet. Die Datenverarbeitung zum Zwecke der Kontaktaufnahme mit uns erfolgt nach Art. 6 Abs. 1 S. 1 lit. a DS-GVO auf Grundlage Ihrer freiwillig erteilten Einwilligung.<\/p>\n<p>Die zur Kontaktaufnahme \u00fcber E-Mail \u00fcbermittelten personenbezogenen Daten werden nach Erledigung der von Ihnen gestellten Anfrage automatisch gel\u00f6scht.<\/p>\n<p>Sie haben jederzeit die M\u00f6glichkeit, Ihre Einwilligung zur Verarbeitung der personenbezogenen Daten zu widerrufen.<\/p>\n<p>In einem solchen Fall kann die Konversation nicht fortgef\u00fchrt werden.<\/p>\n<p>Zur Aus\u00fcbung Ihres Widerrufsrechts gen\u00fcgt eine E-Mail an uns.<\/p>\n<p>Alle personenbezogenen Daten, die im Zuge der Kontaktaufnahme gespeichert wurden, werden in diesem Fall gel\u00f6scht.<\/p>\n<h2>2. WEITERGABE VON DATEN<\/h2>\n<p>Personenbezogene Daten werden an Dritte \u00fcbermittelt, wenn<\/p>\n<ul>\n<li>nach Art. 6 Abs. 1 Satz 1 Buchst. a) DS-GVO durch die betroffene Person ausdr\u00fccklich dazu eingewilligt wurde,<\/li>\n<li>die Weitergabe nach Art. 6 Abs. 1 Satz 1 Buchst. f) DS-GVO zur Geltendmachung, Aus\u00fcbung oder Verteidigung von Rechtsanspr\u00fcchen erforderlich ist und kein Grund zur Annahme besteht, dass die betroffene Person ein \u00fcberwiegendes schutzw\u00fcrdiges Interesse an der Nichtweitergabe ihrer Daten hat,<\/li>\n<li>f\u00fcr die Daten\u00fcbermittlung nach Art. 6 Abs. 1 Satz 1 Buchst. c) DS-GVO eine gesetzliche Verpflichtung besteht, und\/oder<\/li>\n<li>dies nach Art. 6 Abs. 1 Satz 1 Buchst. b) DS-GVO f\u00fcr die Erf\u00fcllung eines Vertragsverh\u00e4ltnisses mit der betroffenen Person erforderlich ist.<\/li>\n<\/ul>\n<p>In anderen F\u00e4llen werden personenbezogene Daten nicht an Dritte weitergegeben.<\/p>\n<h2>4. IHRE RECHTE ALS BETROFFENE PERSON<\/h2>\n<p>Betroffenenrechte<\/p>\n<p>Sie haben das Recht:<\/p>\n<ul>\n<li>gem\u00e4\u00df Art. 15 DS-GVO Auskunft \u00fcber Ihre von uns verarbeiteten personenbezogenen Daten zu verlangen. Insbesondere k\u00f6nnen Sie Auskunft \u00fcber die Verarbeitungszwecke, die Kategorie der personenbezogenen Daten, die Kategorien von Empf\u00e4ngern, gegen\u00fcber denen Ihre Daten offengelegt wurden oder werden, die geplante Speicherdauer, das Bestehen eines Rechts auf Berichtigung, L\u00f6schung, Einschr\u00e4nkung der Verarbeitung oder Widerspruch, das Bestehen eines Beschwerderechts, die Herkunft ihrer Daten, sofern diese nicht bei uns erhoben wurden, sowie \u00fcber das Bestehen einer automatisierten Entscheidungsfindung einschlie\u00dflich Profiling und ggf. aussagekr\u00e4ftigen Informationen zu deren Einzelheiten verlangen;<\/li>\n<\/ul>\n<ul>\n<li>gem\u00e4\u00df Art. 16 DS-GVO unverz\u00fcglich die Berichtigung unrichtiger oder Vervollst\u00e4ndigung Ihrer bei uns gespeicherten personenbezogenen Daten zu verlangen;<\/li>\n<\/ul>\n<ul>\n<li>gem\u00e4\u00df Art. 17 DS-GVO die L\u00f6schung Ihrer bei uns gespeicherten personenbezogenen Daten zu verlangen, soweit nicht die Verarbeitung zur Aus\u00fcbung des Rechts auf freie Meinungs\u00e4u\u00dferung und Information, zur Erf\u00fcllung einer rechtlichen Verpflichtung, aus Gr\u00fcnden des \u00f6ffentlichen Interesses oder zur Geltendmachung, Aus\u00fcbung oder Verteidigung von Rechtsanspr\u00fcchen erforderlich ist;<\/li>\n<\/ul>\n<ul>\n<li>gem\u00e4\u00df Art. 18 DS-GVO die Einschr\u00e4nkung der Verarbeitung Ihrer personenbezogenen Daten zu verlangen, soweit die Richtigkeit der Daten von Ihnen bestritten wird, die Verarbeitung unrechtm\u00e4\u00dfig ist, Sie aber deren L\u00f6schung ablehnen und wir die Daten nicht mehr ben\u00f6tigen, Sie jedoch diese zur Geltendmachung, Aus\u00fcbung oder Verteidigung von Rechtsanspr\u00fcchen ben\u00f6tigen oder Sie gem\u00e4\u00df Art. 21 DS-GVO Widerspruch gegen die Verarbeitung eingelegt haben;<\/li>\n<\/ul>\n<ul>\n<li>gem\u00e4\u00df Art. 20 DS-GVO Ihre personenbezogenen Daten, die Sie uns bereitgestellt haben, in einem strukturierten, g\u00e4ngigen und maschinenlesebaren Format zu erhalten oder die \u00dcbermittlung an einen anderen Verantwortlichen zu verlangen;<\/li>\n<\/ul>\n<ul>\n<li>gem\u00e4\u00df Art. 7 Abs. 3 DS-GVO Ihre einmal erteilte Einwilligung jederzeit gegen\u00fcber uns zu widerrufen. Dies hat zur Folge, dass wir die Datenverarbeitung, die auf dieser Einwilligung beruhte, f\u00fcr die Zukunft nicht mehr fortf\u00fchren d\u00fcrfen und<\/li>\n<\/ul>\n<ul>\n<li>gem\u00e4\u00df Art. 77 DS-GVO sich bei einer Aufsichtsbeh\u00f6rde zu beschweren. In der Regel k\u00f6nnen Sie sich hierf\u00fcr an die Aufsichtsbeh\u00f6rde Ihres \u00fcblichen Aufenthaltsortes oder Arbeitsplatzes oder unseres Firmensitzes wenden.<\/li>\n<\/ul>\n<h2>5. WIDERSPRUCHSRECHT<\/h2>\n<p>Sofern Ihre personenbezogenen Daten auf Grundlage von berechtigten Interessen gem\u00e4\u00df Art.\u00a06 Abs. 1 S. 1 lit. f DS-GVO verarbeitet werden, haben Sie das Recht, gem\u00e4\u00df Art. 21 DS-GVO Widerspruch gegen die Verarbeitung Ihrer personenbezogenen Daten einzulegen, soweit daf\u00fcr Gr\u00fcnde vorliegen, die sich aus Ihrer besonderen Situation ergeben oder sich der Widerspruch gegen Direktwerbung richtet. Im letzteren Fall haben Sie ein generelles Widerspruchsrecht, das ohne Angabe einer besonderen Situation von uns umgesetzt wird.<\/p>\n<p>M\u00f6chten Sie von Ihrem Widerrufs- oder Widerspruchsrecht Gebrauch machen, gen\u00fcgt eine E-Mail an: datenschutz@huesecken.de<\/p>\n<h2>6. AKTUALIT\u00c4T UND \u00c4NDERUNG DIESER DATENSCHUTZERKL\u00c4RUNG<\/h2>\n<p>Diese Datenschutzerkl\u00e4rung ist aktuell g\u00fcltig und hat den Stand Mai 2018.<\/p>\n<p>Durch die Weiterentwicklung unserer Website und Angebote dar\u00fcber oder aufgrund ge\u00e4nderter gesetzlicher beziehungsweise beh\u00f6rdlicher Vorgaben kann es notwendig werden, diese Datenschutzerkl\u00e4rung zu \u00e4ndern. Die jeweils aktuelle Datenschutzerkl\u00e4rung kann jederzeit auf der Website unter <a href=\"http:\/\/horlewire.com\/\">http:\/\/horlewire.com<\/a>, bzw. <a href=\"http:\/\/www.huesecken.de\/\">www.huesecken.de<\/a> von Ihnen abgerufen und ausgedruckt werden.<\/p>\n<\/div><\/section><\/div>\n<p style=\"font-weight: 400;\">\n","protected":false},"excerpt":{"rendered":"","protected":false},"author":1,"featured_media":0,"parent":0,"menu_order":0,"comment_status":"closed","ping_status":"open","template":"","meta":{"_acf_changed":false,"footnotes":""},"class_list":["post-682","page","type-page","status-publish","hentry"],"acf":[],"yoast_head":"<!-- This site is optimized with the Yoast SEO plugin v27.5 - https:\/\/yoast.com\/product\/yoast-seo-wordpress\/ -->\n<title>Datenschutzerkl\u00e4rung - H\u00f6rle Wire<\/title>\n<meta name=\"robots\" content=\"index, follow, max-snippet:-1, max-image-preview:large, max-video-preview:-1\" \/>\n<link rel=\"canonical\" href=\"https:\/\/horlewire.com\/de\/datenschutzerklaerung\/\" \/>\n<meta property=\"og:locale\" content=\"de_DE\" \/>\n<meta property=\"og:type\" content=\"article\" \/>\n<meta property=\"og:title\" content=\"Datenschutzerkl\u00e4rung - H\u00f6rle Wire\" \/>\n<meta property=\"og:url\" content=\"https:\/\/horlewire.com\/de\/datenschutzerklaerung\/\" \/>\n<meta property=\"og:site_name\" content=\"H\u00f6rle Wire\" \/>\n<meta property=\"article:modified_time\" content=\"2023-03-14T13:54:24+00:00\" \/>\n<meta name=\"twitter:card\" content=\"summary_large_image\" \/>\n<meta name=\"twitter:label1\" content=\"Gesch\u00e4tzte Lesezeit\" \/>\n\t<meta name=\"twitter:data1\" content=\"6\u00a0Minuten\" \/>\n<script type=\"application\/ld+json\" class=\"yoast-schema-graph\">{\"@context\":\"https:\\\/\\\/schema.org\",\"@graph\":[{\"@type\":\"WebPage\",\"@id\":\"https:\\\/\\\/horlewire.com\\\/de\\\/datenschutzerklaerung\\\/\",\"url\":\"https:\\\/\\\/horlewire.com\\\/de\\\/datenschutzerklaerung\\\/\",\"name\":\"Datenschutzerkl\u00e4rung - H\u00f6rle Wire\",\"isPartOf\":{\"@id\":\"https:\\\/\\\/horlewire.com\\\/sk\\\/#website\"},\"datePublished\":\"2019-09-04T09:14:04+00:00\",\"dateModified\":\"2023-03-14T13:54:24+00:00\",\"breadcrumb\":{\"@id\":\"https:\\\/\\\/horlewire.com\\\/de\\\/datenschutzerklaerung\\\/#breadcrumb\"},\"inLanguage\":\"de\",\"potentialAction\":[{\"@type\":\"ReadAction\",\"target\":[\"https:\\\/\\\/horlewire.com\\\/de\\\/datenschutzerklaerung\\\/\"]}]},{\"@type\":\"BreadcrumbList\",\"@id\":\"https:\\\/\\\/horlewire.com\\\/de\\\/datenschutzerklaerung\\\/#breadcrumb\",\"itemListElement\":[{\"@type\":\"ListItem\",\"position\":1,\"name\":\"Hem\",\"item\":\"https:\\\/\\\/horlewire.com\\\/de\\\/\"},{\"@type\":\"ListItem\",\"position\":2,\"name\":\"Datenschutzerkl\u00e4rung\"}]},{\"@type\":\"WebSite\",\"@id\":\"https:\\\/\\\/horlewire.com\\\/sk\\\/#website\",\"url\":\"https:\\\/\\\/horlewire.com\\\/sk\\\/\",\"name\":\"H\u00f6rle Wire\",\"description\":\"Welcome to H\u00f6rle Wire Group\",\"potentialAction\":[{\"@type\":\"SearchAction\",\"target\":{\"@type\":\"EntryPoint\",\"urlTemplate\":\"https:\\\/\\\/horlewire.com\\\/sk\\\/?s={search_term_string}\"},\"query-input\":{\"@type\":\"PropertyValueSpecification\",\"valueRequired\":true,\"valueName\":\"search_term_string\"}}],\"inLanguage\":\"de\"}]}<\/script>\n<!-- \/ Yoast SEO plugin. -->","yoast_head_json":{"title":"Datenschutzerkl\u00e4rung - H\u00f6rle Wire","robots":{"index":"index","follow":"follow","max-snippet":"max-snippet:-1","max-image-preview":"max-image-preview:large","max-video-preview":"max-video-preview:-1"},"canonical":"https:\/\/horlewire.com\/de\/datenschutzerklaerung\/","og_locale":"de_DE","og_type":"article","og_title":"Datenschutzerkl\u00e4rung - H\u00f6rle Wire","og_url":"https:\/\/horlewire.com\/de\/datenschutzerklaerung\/","og_site_name":"H\u00f6rle Wire","article_modified_time":"2023-03-14T13:54:24+00:00","twitter_card":"summary_large_image","twitter_misc":{"Gesch\u00e4tzte Lesezeit":"6\u00a0Minuten"},"schema":{"@context":"https:\/\/schema.org","@graph":[{"@type":"WebPage","@id":"https:\/\/horlewire.com\/de\/datenschutzerklaerung\/","url":"https:\/\/horlewire.com\/de\/datenschutzerklaerung\/","name":"Datenschutzerkl\u00e4rung - H\u00f6rle Wire","isPartOf":{"@id":"https:\/\/horlewire.com\/sk\/#website"},"datePublished":"2019-09-04T09:14:04+00:00","dateModified":"2023-03-14T13:54:24+00:00","breadcrumb":{"@id":"https:\/\/horlewire.com\/de\/datenschutzerklaerung\/#breadcrumb"},"inLanguage":"de","potentialAction":[{"@type":"ReadAction","target":["https:\/\/horlewire.com\/de\/datenschutzerklaerung\/"]}]},{"@type":"BreadcrumbList","@id":"https:\/\/horlewire.com\/de\/datenschutzerklaerung\/#breadcrumb","itemListElement":[{"@type":"ListItem","position":1,"name":"Hem","item":"https:\/\/horlewire.com\/de\/"},{"@type":"ListItem","position":2,"name":"Datenschutzerkl\u00e4rung"}]},{"@type":"WebSite","@id":"https:\/\/horlewire.com\/sk\/#website","url":"https:\/\/horlewire.com\/sk\/","name":"H\u00f6rle Wire","description":"Welcome to H\u00f6rle Wire Group","potentialAction":[{"@type":"SearchAction","target":{"@type":"EntryPoint","urlTemplate":"https:\/\/horlewire.com\/sk\/?s={search_term_string}"},"query-input":{"@type":"PropertyValueSpecification","valueRequired":true,"valueName":"search_term_string"}}],"inLanguage":"de"}]}},"_links":{"self":[{"href":"https:\/\/horlewire.com\/de\/wp-json\/wp\/v2\/pages\/682","targetHints":{"allow":["GET"]}}],"collection":[{"href":"https:\/\/horlewire.com\/de\/wp-json\/wp\/v2\/pages"}],"about":[{"href":"https:\/\/horlewire.com\/de\/wp-json\/wp\/v2\/types\/page"}],"author":[{"embeddable":true,"href":"https:\/\/horlewire.com\/de\/wp-json\/wp\/v2\/users\/1"}],"replies":[{"embeddable":true,"href":"https:\/\/horlewire.com\/de\/wp-json\/wp\/v2\/comments?post=682"}],"version-history":[{"count":15,"href":"https:\/\/horlewire.com\/de\/wp-json\/wp\/v2\/pages\/682\/revisions"}],"predecessor-version":[{"id":3128,"href":"https:\/\/horlewire.com\/de\/wp-json\/wp\/v2\/pages\/682\/revisions\/3128"}],"wp:attachment":[{"href":"https:\/\/horlewire.com\/de\/wp-json\/wp\/v2\/media?parent=682"}],"curies":[{"name":"wp","href":"https:\/\/api.w.org\/{rel}","templated":true}]}}