{"id":5049,"date":"2024-12-20T09:01:59","date_gmt":"2024-12-20T09:01:59","guid":{"rendered":"https:\/\/dev.horlewire.com\/vad-vi-gor\/"},"modified":"2025-02-24T16:01:43","modified_gmt":"2025-02-24T16:01:43","slug":"what-we-do","status":"publish","type":"page","link":"https:\/\/horlewire.com\/en\/what-we-do\/","title":{"rendered":"What we do"},"content":{"rendered":"\n<style type=\"text\/css\" data-created_by=\"avia_inline_auto\" id=\"style-css-av-k0xv6ke6-33036b043749c91aa34b840b9180cadd\">\n.avia-section.av-k0xv6ke6-33036b043749c91aa34b840b9180cadd{\nmargin-top:0px;\nmargin-bottom:20px;\n}\n<\/style>\n<div id='av_section_1'  class='avia-section av-k0xv6ke6-33036b043749c91aa34b840b9180cadd main_color avia-section-default avia-no-border-styling  avia-builder-el-0  el_before_av_section  avia-builder-el-first  hw-top-container large-margin-bottom avia-bg-style-scroll av-minimum-height av-minimum-height-custom  container_wrap fullsize'   data-av_minimum_height_px='433'><div class='container av-section-cont-open' style='height:433px'><main  role=\"main\" itemprop=\"mainContentOfPage\"  class='template-page content  av-content-full alpha units'><div class='post-entry post-entry-type-page post-entry-5049'><div class='entry-content-wrapper clearfix'>\n\n<style type=\"text\/css\" data-created_by=\"avia_inline_auto\" id=\"style-css-av-k0xvhmox-611e6b8d96a075c36c27b64a8237f26b\">\n.flex_column.av-k0xvhmox-611e6b8d96a075c36c27b64a8237f26b{\n-webkit-border-radius:0px 0px 0px 0px;\n-moz-border-radius:0px 0px 0px 0px;\nborder-radius:0px 0px 0px 0px;\npadding:0px 0px 0px 0px;\nbackground:url(https:\/\/horlewire.com\/wp-content\/uploads\/2024\/12\/vad-vi-gor-top.jpg) 50% 50% no-repeat scroll ;\n}\n<\/style>\n<div class='flex_column av-k0xvhmox-611e6b8d96a075c36c27b64a8237f26b av_one_full  avia-builder-el-1  avia-builder-el-no-sibling  first flex_column_div av-zero-column-padding avia-full-stretch '     ><\/div>\n\n<\/div><\/div><\/main><!-- close content main element --><\/div><\/div>\n<style type=\"text\/css\" data-created_by=\"avia_inline_auto\" id=\"style-css-av-1p0uj-42f879a39b6f3c2be5c10d11283d4df3\">\n.avia-section.av-1p0uj-42f879a39b6f3c2be5c10d11283d4df3{\nmargin-top:0px;\nmargin-bottom:20px;\n}\n<\/style>\n<div id='av_section_2'  class='avia-section av-1p0uj-42f879a39b6f3c2be5c10d11283d4df3 main_color avia-section-default avia-no-border-styling  avia-builder-el-2  el_after_av_section  el_before_av_section  hw-container large-margin-bottom avia-bg-style-scroll container_wrap fullsize'  ><div class='container av-section-cont-open' ><div class='template-page content  av-content-full alpha units'><div class='post-entry post-entry-type-page post-entry-5049'><div class='entry-content-wrapper clearfix'>\n<div class='flex_column_table av-k0xtxj6r-9f89289f2e8e59f4cb1187636aef7ebf sc-av_one_half av-equal-height-column-flextable'>\n<style type=\"text\/css\" data-created_by=\"avia_inline_auto\" id=\"style-css-av-k0xtxj6r-9f89289f2e8e59f4cb1187636aef7ebf\">\n.flex_column.av-k0xtxj6r-9f89289f2e8e59f4cb1187636aef7ebf{\n-webkit-border-radius:0px 0px 0px 0px;\n-moz-border-radius:0px 0px 0px 0px;\nborder-radius:0px 0px 0px 0px;\npadding:0px 0px 0px 0px;\nbackground-color:#ffffff;\n}\n<\/style>\n<div class='flex_column av-k0xtxj6r-9f89289f2e8e59f4cb1187636aef7ebf av_one_half  avia-builder-el-3  el_before_av_one_half  avia-builder-el-first  pink-long-line-left invalid-custom-class-found hw-big-title first flex_column_table_cell av-equal-height-column av-align-top av-zero-column-padding '     ><section  class='av_textblock_section av-k0xty3p5-9f35a25092ec3c6d27904f6b32387870'  itemscope=\"itemscope\" itemtype=\"https:\/\/schema.org\/CreativeWork\" ><div class='avia_textblock pink-long-line-left'  itemprop=\"text\" ><h2>How much can there be that&#8217;s worth knowing about wire?<\/h2>\n<\/div><\/section><\/div><div class='av-flex-placeholder'><\/div>\n<style type=\"text\/css\" data-created_by=\"avia_inline_auto\" id=\"style-css-av-g50ku2-25201315d6a304a47448489cb6fc93f5\">\n.flex_column.av-g50ku2-25201315d6a304a47448489cb6fc93f5{\n-webkit-border-radius:0px 0px 0px 0px;\n-moz-border-radius:0px 0px 0px 0px;\nborder-radius:0px 0px 0px 0px;\npadding:0px 0px 0px 0px;\nbackground-color:#ffffff;\n}\n<\/style>\n<div class='flex_column av-g50ku2-25201315d6a304a47448489cb6fc93f5 av_one_half  avia-builder-el-5  el_after_av_one_half  avia-builder-el-last  hw-small-title flex_column_table_cell av-equal-height-column av-align-top av-zero-column-padding '     ><section  class='av_textblock_section av-m4wir1o0-b4f2b01c6654431c192a49acda0c7005'  itemscope=\"itemscope\" itemtype=\"https:\/\/schema.org\/CreativeWork\" ><div class='avia_textblock fade-in-one'  itemprop=\"text\" ><h1 class=\"black-brackets\">That&#8217;s why our customers choose H\u00f6rle Wire.<\/h1>\n<p>It&#8217;s only together with our customers that our wire can work wonders. We believe in partnerships and long-term relationships where we can be part of our customers&#8217; growth. Along with our customers and suppliers, we create an efficient flow from order to delivery and through extensive experience and great interest in wiring, there is constant development to meet our customers&#8217; wishes and requirements.<\/p>\n<\/div><\/section><\/div><\/div><!--close column table wrapper. Autoclose: 1 -->\n\n<\/div><\/div><\/div><!-- close content main div --><\/div><\/div>\n<style type=\"text\/css\" data-created_by=\"avia_inline_auto\" id=\"style-css-av-ehxqh6-6c56227e3924f2c2d098182fbff25963\">\n.avia-section.av-ehxqh6-6c56227e3924f2c2d098182fbff25963{\nmargin-top:0px;\nmargin-bottom:20px;\n}\n<\/style>\n<div id='av_section_3'  class='avia-section av-ehxqh6-6c56227e3924f2c2d098182fbff25963 main_color avia-section-default avia-no-border-styling  avia-builder-el-7  el_after_av_section  el_before_av_section  hw-container large-margin-bottom avia-bg-style-scroll container_wrap fullsize'  ><div class='container av-section-cont-open' ><div class='template-page content  av-content-full alpha units'><div class='post-entry post-entry-type-page post-entry-5049'><div class='entry-content-wrapper clearfix'>\n<div class='flex_column_table av-c36g7e-460308689166c7e3ab00e8b78bc638c9 sc-av_one_half av-equal-height-column-flextable'>\n<style type=\"text\/css\" data-created_by=\"avia_inline_auto\" id=\"style-css-av-c36g7e-460308689166c7e3ab00e8b78bc638c9\">\n.flex_column.av-c36g7e-460308689166c7e3ab00e8b78bc638c9{\n-webkit-border-radius:0px 0px 0px 0px;\n-moz-border-radius:0px 0px 0px 0px;\nborder-radius:0px 0px 0px 0px;\npadding:0px 0px 0px 0px;\nbackground:url(https:\/\/horlewire.com\/wp-content\/uploads\/2024\/12\/vad-vi-gor2.jpg) 50% 50% no-repeat scroll ;\n}\n<\/style>\n<div class='flex_column av-c36g7e-460308689166c7e3ab00e8b78bc638c9 av_one_half  avia-builder-el-8  el_before_av_one_half  avia-builder-el-first  hw-image-mobile first flex_column_table_cell av-equal-height-column av-align-middle av-zero-column-padding avia-full-stretch '     ><\/div><div class='av-flex-placeholder'><\/div>\n<style type=\"text\/css\" data-created_by=\"avia_inline_auto\" id=\"style-css-av-m4wisa49-df523921e9acaf4b3862273baeb17c47\">\n.flex_column.av-m4wisa49-df523921e9acaf4b3862273baeb17c47{\n-webkit-border-radius:0px 0px 0px 0px;\n-moz-border-radius:0px 0px 0px 0px;\nborder-radius:0px 0px 0px 0px;\npadding:0px 0px 0px 0px;\nbackground-color:#ffffff;\n}\n<\/style>\n<div class='flex_column av-m4wisa49-df523921e9acaf4b3862273baeb17c47 av_one_half  avia-builder-el-9  el_after_av_one_half  avia-builder-el-last  pink-long-line-left invalid-custom-class-found flex_column_table_cell av-equal-height-column av-align-middle av-zero-column-padding '     ><section  class='av_textblock_section av-m4wis2ys-4b4711529f99352ce864fe1e33aac902'  itemscope=\"itemscope\" itemtype=\"https:\/\/schema.org\/CreativeWork\" ><div class='avia_textblock fade-in-one hw-big-title'  itemprop=\"text\" ><h2>A wire of high quality<\/h2>\n<p>With our state-of-the-art machinery, we can offer unbeatable, consistent and reliable quality. Our experience in the industry and high level of expertise at the company make us &#8216;nerdy&#8217; about wire where we customise solutions based on needs, quality requirements and quantity.<\/p>\n<\/div><\/section><\/div><\/div><!--close column table wrapper. Autoclose: 1 -->\n\n<\/div><\/div><\/div><!-- close content main div --><\/div><\/div>\n<style type=\"text\/css\" data-created_by=\"avia_inline_auto\" id=\"style-css-av-a3v5d6-43da8307757df7147c9db0bf24bfc9f2\">\n.avia-section.av-a3v5d6-43da8307757df7147c9db0bf24bfc9f2{\nmargin-top:0px;\nmargin-bottom:20px;\n}\n<\/style>\n<div id='av_section_4'  class='avia-section av-a3v5d6-43da8307757df7147c9db0bf24bfc9f2 main_color avia-section-default avia-no-border-styling  avia-builder-el-11  el_after_av_section  el_before_av_section  hw-container large-margin-bottom avia-bg-style-scroll container_wrap fullsize'  ><div class='container av-section-cont-open' ><div class='template-page content  av-content-full alpha units'><div class='post-entry post-entry-type-page post-entry-5049'><div class='entry-content-wrapper clearfix'>\n<div class='flex_column_table av-8qvdzu-5be0f662859d7a430e43517f8e76b5d3 sc-av_one_half av-equal-height-column-flextable'>\n<style type=\"text\/css\" data-created_by=\"avia_inline_auto\" id=\"style-css-av-8qvdzu-5be0f662859d7a430e43517f8e76b5d3\">\n.flex_column.av-8qvdzu-5be0f662859d7a430e43517f8e76b5d3{\n-webkit-border-radius:0px 0px 0px 0px;\n-moz-border-radius:0px 0px 0px 0px;\nborder-radius:0px 0px 0px 0px;\npadding:0px 0px 0px 0px;\nbackground-color:#ffffff;\n}\n<\/style>\n<div class='flex_column av-8qvdzu-5be0f662859d7a430e43517f8e76b5d3 av_one_half  avia-builder-el-12  el_before_av_one_half  avia-builder-el-first  pink-long-line-left invalid-custom-class-found hw-big-title first flex_column_table_cell av-equal-height-column av-align-middle av-zero-column-padding '     ><section  class='av_textblock_section av-m4witc6y-e48a4f4c08092163f21ee5443cc91a99'  itemscope=\"itemscope\" itemtype=\"https:\/\/schema.org\/CreativeWork\" ><div class='avia_textblock fade-in-one'  itemprop=\"text\" ><h2>Specialists in customer-specific total solutions<\/h2>\n<p class=\"p1\">We produce and process a wide range of steel wire and wire products and we supply many usage areas. With extensive experience and high level knowledge of materials, we&#8217;re specialists when it comes to creating customer-specific total solutions. We&#8217;re continuously working to develop and improve the quality of our products to meet our customers&#8217; requirements for use in various manufacturing processes.<\/p>\n<\/div><\/section><\/div><div class='av-flex-placeholder'><\/div>\n<style type=\"text\/css\" data-created_by=\"avia_inline_auto\" id=\"style-css-av-7e8x0q-06d27d1675e6a9631a63b63a2b910c5e\">\n.flex_column.av-7e8x0q-06d27d1675e6a9631a63b63a2b910c5e{\n-webkit-border-radius:0px 0px 0px 0px;\n-moz-border-radius:0px 0px 0px 0px;\nborder-radius:0px 0px 0px 0px;\npadding:0px 0px 0px 0px;\nbackground:url(https:\/\/horlewire.com\/wp-content\/uploads\/2024\/12\/vad-vi-gor3.jpg) 50% 50% no-repeat scroll ;\n}\n<\/style>\n<div class='flex_column av-7e8x0q-06d27d1675e6a9631a63b63a2b910c5e av_one_half  avia-builder-el-14  el_after_av_one_half  avia-builder-el-last  hw-image-mobile flex_column_table_cell av-equal-height-column av-align-middle av-zero-column-padding avia-full-stretch '     ><\/div><\/div><!--close column table wrapper. Autoclose: 1 -->\n\n<\/div><\/div><\/div><!-- close content main div --><\/div><\/div>\n<style type=\"text\/css\" data-created_by=\"avia_inline_auto\" id=\"style-css-av-5k5sve-1fffc1db79ca468e6bed8300c1a3bb60\">\n.avia-section.av-5k5sve-1fffc1db79ca468e6bed8300c1a3bb60{\nmargin-top:0px;\nmargin-bottom:20px;\n}\n<\/style>\n<div id='av_section_5'  class='avia-section av-5k5sve-1fffc1db79ca468e6bed8300c1a3bb60 main_color avia-section-default avia-no-border-styling  avia-builder-el-15  el_after_av_section  el_before_av_one_full  hw-container large-margin-bottom avia-bg-style-scroll container_wrap fullsize'  ><div class='container av-section-cont-open' ><div class='template-page content  av-content-full alpha units'><div class='post-entry post-entry-type-page post-entry-5049'><div class='entry-content-wrapper clearfix'>\n<div class='flex_column_table av-3ya1fu-486c34e5a7b99343531bf70b7b6bbf2e sc-av_one_half av-equal-height-column-flextable'>\n<style type=\"text\/css\" data-created_by=\"avia_inline_auto\" id=\"style-css-av-3ya1fu-486c34e5a7b99343531bf70b7b6bbf2e\">\n.flex_column.av-3ya1fu-486c34e5a7b99343531bf70b7b6bbf2e{\n-webkit-border-radius:0px 0px 0px 0px;\n-moz-border-radius:0px 0px 0px 0px;\nborder-radius:0px 0px 0px 0px;\npadding:0px 0px 0px 0px;\nbackground:url(https:\/\/horlewire.com\/wp-content\/uploads\/2024\/12\/vad-vi-gor4.jpg) 50% 50% no-repeat scroll ;\n}\n<\/style>\n<div class='flex_column av-3ya1fu-486c34e5a7b99343531bf70b7b6bbf2e av_one_half  avia-builder-el-16  el_before_av_one_half  avia-builder-el-first  hw-image-mobile first flex_column_table_cell av-equal-height-column av-align-middle av-zero-column-padding avia-full-stretch '     ><\/div><div class='av-flex-placeholder'><\/div>\n<style type=\"text\/css\" data-created_by=\"avia_inline_auto\" id=\"style-css-av-2wcaru-db8481a8ae1cc21c9df3b087be6fd0ca\">\n.flex_column.av-2wcaru-db8481a8ae1cc21c9df3b087be6fd0ca{\n-webkit-border-radius:0px 0px 0px 0px;\n-moz-border-radius:0px 0px 0px 0px;\nborder-radius:0px 0px 0px 0px;\npadding:0px 0px 0px 0px;\nbackground-color:#ffffff;\n}\n<\/style>\n<div class='flex_column av-2wcaru-db8481a8ae1cc21c9df3b087be6fd0ca av_one_half  avia-builder-el-17  el_after_av_one_half  avia-builder-el-last  pink-long-line-left invalid-custom-class-found hw-big-title flex_column_table_cell av-equal-height-column av-align-middle av-zero-column-padding '     ><section  class='av_textblock_section av-m4wiudob-58b4fac6b46f5bb0aaaeb1780f08a09f'  itemscope=\"itemscope\" itemtype=\"https:\/\/schema.org\/CreativeWork\" ><div class='avia_textblock fade-in-one'  itemprop=\"text\" ><h2>One supplier for the whole of Europe<\/h2>\n<p class=\"p1\">From H\u00f6rle, in Sweden&#8217;s most industrially dense region, to Hagen in Germany and Nitra in Slovakia. With three production facilities, we can offer efficient production and product flows with good connections to all of Europe. We also have sales offices in several other countries around Europe to be able to offer our products with high availability and delivery reliability. This makes us a valuable and present partner for the European manufacturing industry.<\/p>\n<\/div><\/section><\/div><\/div><!--close column table wrapper. Autoclose: 1 -->\n<\/div><\/div><\/div><!-- close content main div --><\/div><\/div><div id='after_section_5'  class='main_color av_default_container_wrap container_wrap fullsize'  ><div class='container av-section-cont-open' ><div class='template-page content  av-content-full alpha units'><div class='post-entry post-entry-type-page post-entry-5049'><div class='entry-content-wrapper clearfix'>\n\n<style type=\"text\/css\" data-created_by=\"avia_inline_auto\" id=\"style-css-av-m4wn2cgv-2d8490e7554aa5f729d7ac23e415c856\">\n.flex_column.av-m4wn2cgv-2d8490e7554aa5f729d7ac23e415c856{\n-webkit-border-radius:0px 0px 0px 0px;\n-moz-border-radius:0px 0px 0px 0px;\nborder-radius:0px 0px 0px 0px;\npadding:0 0 0 0;\nbackground-color:#ffffff;\n}\n<\/style>\n<div class='flex_column av-m4wn2cgv-2d8490e7554aa5f729d7ac23e415c856 av_one_full  avia-builder-el-19  el_after_av_section  el_before_av_section  avia-builder-el-no-sibling  pink-center-line hw-container first flex_column_div av-zero-column-padding '     ><section  class='av_textblock_section av-m4wn3voa-a514beb380d9bbf70fef7f149e043f23'  itemscope=\"itemscope\" itemtype=\"https:\/\/schema.org\/CreativeWork\" ><div class='avia_textblock pink-long-line-center hw-big-title'  itemprop=\"text\" ><h2 style=\"text-align: center;\">Ask us!<\/h2>\n<p style=\"text-align: center;\">Do you have any questions or concerns?<br \/>\nFeel free to get in touch so we can help you!<\/p>\n<\/div><\/section><\/div>\n<\/div><\/div><\/div><!-- close content main div --><\/div><\/div>\n<style type=\"text\/css\" data-created_by=\"avia_inline_auto\" id=\"style-css-av-av_section-194b2706413d9537f0713de8d4b37020\">\n.avia-section.av-av_section-194b2706413d9537f0713de8d4b37020{\nbackground-color:#ffffff;\nbackground-image:unset;\n}\n<\/style>\n<div id='av_section_6'  class='avia-section av-av_section-194b2706413d9537f0713de8d4b37020 main_color avia-section-default avia-no-border-styling  avia-builder-el-21  el_after_av_one_full  avia-builder-el-last  hw-contact-form hw-blockb-cont-form-c hw-container avia-bg-style-scroll container_wrap fullsize'  ><div class='container av-section-cont-open' ><div class='template-page content  av-content-full alpha units'><div class='post-entry post-entry-type-page post-entry-5049'><div class='entry-content-wrapper clearfix'>\n<div class='flex_column av-av_one_full-7714eba142aeda1f8b5272a3c372b279 av_one_full  avia-builder-el-22  el_before_av_one_half  avia-builder-el-first  first flex_column_div '     ><section  class='av_textblock_section av-m7j6enmy-aacd0213f215e9cc19608b822f2a9af2'  itemscope=\"itemscope\" itemtype=\"https:\/\/schema.org\/CreativeWork\" ><div class='avia_textblock caslon-bold'  itemprop=\"text\" ><p>Do you have any questions? Please contact us!<\/p>\n<\/div><\/section><\/div><div class='flex_column_table av-av_one_half-0a887b58a0a162ade589d3e6a41c45de sc-av_one_half av-equal-height-column-flextable'><div class='flex_column av-av_one_half-0a887b58a0a162ade589d3e6a41c45de av_one_half  avia-builder-el-24  el_after_av_one_full  el_before_av_one_half  first flex_column_table_cell av-equal-height-column av-align-top column-top-margin'     ><style type=\"text\/css\" data-created_by=\"avia_inline_auto\" id=\"style-css-av-av_image-8623fb0d7e99f28624a48cb0378a9ace\">\n.avia-image-container.av-av_image-8623fb0d7e99f28624a48cb0378a9ace img.avia_image{\nbox-shadow:none;\n}\n.avia-image-container.av-av_image-8623fb0d7e99f28624a48cb0378a9ace .av-image-caption-overlay-center{\ncolor:#ffffff;\n}\n<\/style>\n<div  class='avia-image-container av-av_image-8623fb0d7e99f28624a48cb0378a9ace av-styling- avia-align-center  avia-builder-el-25  avia-builder-el-no-sibling '   itemprop=\"image\" itemscope=\"itemscope\" itemtype=\"https:\/\/schema.org\/ImageObject\" ><div class=\"avia-image-container-inner\"><div class=\"avia-image-overlay-wrap\"><img fetchpriority=\"high\" decoding=\"async\" fetchpriority=\"high\" class='wp-image-5895 avia-img-lazy-loading-not-5895 avia_image ' src=\"https:\/\/horlewire.com\/wp-content\/uploads\/2025\/02\/59A1934-1030x734.jpg\" alt='' title='_59A1934'  height=\"734\" width=\"1030\"  itemprop=\"thumbnailUrl\" srcset=\"https:\/\/horlewire.com\/wp-content\/uploads\/2025\/02\/59A1934-1030x734.jpg 1030w, https:\/\/horlewire.com\/wp-content\/uploads\/2025\/02\/59A1934-300x214.jpg 300w, https:\/\/horlewire.com\/wp-content\/uploads\/2025\/02\/59A1934-768x548.jpg 768w, https:\/\/horlewire.com\/wp-content\/uploads\/2025\/02\/59A1934-1536x1095.jpg 1536w, https:\/\/horlewire.com\/wp-content\/uploads\/2025\/02\/59A1934-2048x1460.jpg 2048w, https:\/\/horlewire.com\/wp-content\/uploads\/2025\/02\/59A1934-1500x1069.jpg 1500w, https:\/\/horlewire.com\/wp-content\/uploads\/2025\/02\/59A1934-260x185.jpg 260w, https:\/\/horlewire.com\/wp-content\/uploads\/2025\/02\/59A1934-705x503.jpg 705w\" sizes=\"(max-width: 1030px) 100vw, 1030px\" \/><\/div><\/div><\/div><\/div><div class='av-flex-placeholder'><\/div><div class='flex_column av-av_one_half-26e3fca0ee1ada7b61b4eda09e4c21f9 av_one_half  avia-builder-el-26  el_after_av_one_half  avia-builder-el-last  contact-form-prodlist-c flex_column_table_cell av-equal-height-column av-align-top column-top-margin'     ><\/div><\/div><!--close column table wrapper. Autoclose: 1 -->\n","protected":false},"excerpt":{"rendered":"","protected":false},"author":1,"featured_media":0,"parent":0,"menu_order":0,"comment_status":"closed","ping_status":"closed","template":"","meta":{"_acf_changed":false,"footnotes":""},"class_list":["post-5049","page","type-page","status-publish","hentry"],"acf":[],"yoast_head":"<!-- This site is optimized with the Yoast SEO plugin v26.7 - https:\/\/yoast.com\/wordpress\/plugins\/seo\/ -->\n<title>H\u00f6rle Wire AB | Tillverkning &amp; f\u00f6r\u00e4dling av st\u00e5ltr\u00e5d | Om oss<\/title>\n<meta name=\"description\" content=\"H\u00f6rle Wire AB tillverkar och f\u00f6r\u00e4dlar st\u00e5ltr\u00e5d. Bred erfarenhet, effektiva material- och produktionsfl\u00f6den g\u00f6r oss en kostnadseffektiv och n\u00e4rvarande partner. Kontakta oss!\" \/>\n<meta name=\"robots\" content=\"index, follow, max-snippet:-1, max-image-preview:large, max-video-preview:-1\" \/>\n<link rel=\"canonical\" href=\"https:\/\/horlewire.com\/en\/what-we-do\/\" \/>\n<meta property=\"og:locale\" content=\"en_US\" \/>\n<meta property=\"og:type\" content=\"article\" \/>\n<meta property=\"og:title\" content=\"H\u00f6rle Wire AB | Tillverkning &amp; f\u00f6r\u00e4dling av st\u00e5ltr\u00e5d | Om oss\" \/>\n<meta property=\"og:description\" content=\"H\u00f6rle Wire AB tillverkar och f\u00f6r\u00e4dlar st\u00e5ltr\u00e5d. Bred erfarenhet, effektiva material- och produktionsfl\u00f6den g\u00f6r oss en kostnadseffektiv och n\u00e4rvarande partner. Kontakta oss!\" \/>\n<meta property=\"og:url\" content=\"https:\/\/horlewire.com\/en\/what-we-do\/\" \/>\n<meta property=\"og:site_name\" content=\"H\u00f6rle Wire\" \/>\n<meta property=\"article:modified_time\" content=\"2025-02-24T16:01:43+00:00\" \/>\n<meta name=\"twitter:card\" content=\"summary_large_image\" \/>\n<meta name=\"twitter:label1\" content=\"Est. reading time\" \/>\n\t<meta name=\"twitter:data1\" content=\"2 minutes\" \/>\n<script type=\"application\/ld+json\" class=\"yoast-schema-graph\">{\"@context\":\"https:\/\/schema.org\",\"@graph\":[{\"@type\":\"WebPage\",\"@id\":\"https:\/\/horlewire.com\/en\/what-we-do\/\",\"url\":\"https:\/\/horlewire.com\/en\/what-we-do\/\",\"name\":\"H\u00f6rle Wire AB | Tillverkning & f\u00f6r\u00e4dling av st\u00e5ltr\u00e5d | Om oss\",\"isPartOf\":{\"@id\":\"https:\/\/horlewire.com\/sk\/#website\"},\"datePublished\":\"2024-12-20T09:01:59+00:00\",\"dateModified\":\"2025-02-24T16:01:43+00:00\",\"description\":\"H\u00f6rle Wire AB tillverkar och f\u00f6r\u00e4dlar st\u00e5ltr\u00e5d. Bred erfarenhet, effektiva material- och produktionsfl\u00f6den g\u00f6r oss en kostnadseffektiv och n\u00e4rvarande partner. Kontakta oss!\",\"breadcrumb\":{\"@id\":\"https:\/\/horlewire.com\/en\/what-we-do\/#breadcrumb\"},\"inLanguage\":\"en-US\",\"potentialAction\":[{\"@type\":\"ReadAction\",\"target\":[\"https:\/\/horlewire.com\/en\/what-we-do\/\"]}]},{\"@type\":\"BreadcrumbList\",\"@id\":\"https:\/\/horlewire.com\/en\/what-we-do\/#breadcrumb\",\"itemListElement\":[{\"@type\":\"ListItem\",\"position\":1,\"name\":\"Hem\",\"item\":\"https:\/\/horlewire.com\/en\/\"},{\"@type\":\"ListItem\",\"position\":2,\"name\":\"What we do\"}]},{\"@type\":\"WebSite\",\"@id\":\"https:\/\/horlewire.com\/sk\/#website\",\"url\":\"https:\/\/horlewire.com\/sk\/\",\"name\":\"H\u00f6rle Wire\",\"description\":\"Welcome to H\u00f6rle Wire Group\",\"potentialAction\":[{\"@type\":\"SearchAction\",\"target\":{\"@type\":\"EntryPoint\",\"urlTemplate\":\"https:\/\/horlewire.com\/sk\/?s={search_term_string}\"},\"query-input\":{\"@type\":\"PropertyValueSpecification\",\"valueRequired\":true,\"valueName\":\"search_term_string\"}}],\"inLanguage\":\"en-US\"}]}<\/script>\n<!-- \/ Yoast SEO plugin. -->","yoast_head_json":{"title":"H\u00f6rle Wire AB | Tillverkning & f\u00f6r\u00e4dling av st\u00e5ltr\u00e5d | Om oss","description":"H\u00f6rle Wire AB tillverkar och f\u00f6r\u00e4dlar st\u00e5ltr\u00e5d. Bred erfarenhet, effektiva material- och produktionsfl\u00f6den g\u00f6r oss en kostnadseffektiv och n\u00e4rvarande partner. Kontakta oss!","robots":{"index":"index","follow":"follow","max-snippet":"max-snippet:-1","max-image-preview":"max-image-preview:large","max-video-preview":"max-video-preview:-1"},"canonical":"https:\/\/horlewire.com\/en\/what-we-do\/","og_locale":"en_US","og_type":"article","og_title":"H\u00f6rle Wire AB | Tillverkning & f\u00f6r\u00e4dling av st\u00e5ltr\u00e5d | Om oss","og_description":"H\u00f6rle Wire AB tillverkar och f\u00f6r\u00e4dlar st\u00e5ltr\u00e5d. Bred erfarenhet, effektiva material- och produktionsfl\u00f6den g\u00f6r oss en kostnadseffektiv och n\u00e4rvarande partner. Kontakta oss!","og_url":"https:\/\/horlewire.com\/en\/what-we-do\/","og_site_name":"H\u00f6rle Wire","article_modified_time":"2025-02-24T16:01:43+00:00","twitter_card":"summary_large_image","twitter_misc":{"Est. reading time":"2 minutes"},"schema":{"@context":"https:\/\/schema.org","@graph":[{"@type":"WebPage","@id":"https:\/\/horlewire.com\/en\/what-we-do\/","url":"https:\/\/horlewire.com\/en\/what-we-do\/","name":"H\u00f6rle Wire AB | Tillverkning & f\u00f6r\u00e4dling av st\u00e5ltr\u00e5d | Om oss","isPartOf":{"@id":"https:\/\/horlewire.com\/sk\/#website"},"datePublished":"2024-12-20T09:01:59+00:00","dateModified":"2025-02-24T16:01:43+00:00","description":"H\u00f6rle Wire AB tillverkar och f\u00f6r\u00e4dlar st\u00e5ltr\u00e5d. Bred erfarenhet, effektiva material- och produktionsfl\u00f6den g\u00f6r oss en kostnadseffektiv och n\u00e4rvarande partner. Kontakta oss!","breadcrumb":{"@id":"https:\/\/horlewire.com\/en\/what-we-do\/#breadcrumb"},"inLanguage":"en-US","potentialAction":[{"@type":"ReadAction","target":["https:\/\/horlewire.com\/en\/what-we-do\/"]}]},{"@type":"BreadcrumbList","@id":"https:\/\/horlewire.com\/en\/what-we-do\/#breadcrumb","itemListElement":[{"@type":"ListItem","position":1,"name":"Hem","item":"https:\/\/horlewire.com\/en\/"},{"@type":"ListItem","position":2,"name":"What we do"}]},{"@type":"WebSite","@id":"https:\/\/horlewire.com\/sk\/#website","url":"https:\/\/horlewire.com\/sk\/","name":"H\u00f6rle Wire","description":"Welcome to H\u00f6rle Wire Group","potentialAction":[{"@type":"SearchAction","target":{"@type":"EntryPoint","urlTemplate":"https:\/\/horlewire.com\/sk\/?s={search_term_string}"},"query-input":{"@type":"PropertyValueSpecification","valueRequired":true,"valueName":"search_term_string"}}],"inLanguage":"en-US"}]}},"_links":{"self":[{"href":"https:\/\/horlewire.com\/en\/wp-json\/wp\/v2\/pages\/5049","targetHints":{"allow":["GET"]}}],"collection":[{"href":"https:\/\/horlewire.com\/en\/wp-json\/wp\/v2\/pages"}],"about":[{"href":"https:\/\/horlewire.com\/en\/wp-json\/wp\/v2\/types\/page"}],"author":[{"embeddable":true,"href":"https:\/\/horlewire.com\/en\/wp-json\/wp\/v2\/users\/1"}],"replies":[{"embeddable":true,"href":"https:\/\/horlewire.com\/en\/wp-json\/wp\/v2\/comments?post=5049"}],"version-history":[{"count":4,"href":"https:\/\/horlewire.com\/en\/wp-json\/wp\/v2\/pages\/5049\/revisions"}],"predecessor-version":[{"id":6012,"href":"https:\/\/horlewire.com\/en\/wp-json\/wp\/v2\/pages\/5049\/revisions\/6012"}],"wp:attachment":[{"href":"https:\/\/horlewire.com\/en\/wp-json\/wp\/v2\/media?parent=5049"}],"curies":[{"name":"wp","href":"https:\/\/api.w.org\/{rel}","templated":true}]}}