{"id":555,"date":"2019-09-23T19:07:32","date_gmt":"2019-09-23T19:07:32","guid":{"rendered":"http:\/\/hw.creativebox.se\/kvalitet-och-miljo\/"},"modified":"2025-03-24T07:59:06","modified_gmt":"2025-03-24T07:59:06","slug":"quality-environment","status":"publish","type":"page","link":"https:\/\/horlewire.com\/en\/quality-environment\/","title":{"rendered":"Quality &#038; Environment"},"content":{"rendered":"\n<style type=\"text\/css\" data-created_by=\"avia_inline_auto\" id=\"style-css-av-gkip-9f5f8210211d19bcc8d401f667073129\">\n.avia-section.av-gkip-9f5f8210211d19bcc8d401f667073129{\nmargin-top:0px;\nmargin-bottom:20px;\n}\n<\/style>\n<div id='av_section_1'  class='avia-section av-gkip-9f5f8210211d19bcc8d401f667073129 main_color avia-section-default avia-no-border-styling  avia-builder-el-0  el_before_av_section  avia-builder-el-first  hw-container avia-bg-style-scroll container_wrap fullsize'  ><div class='container av-section-cont-open' ><main  role=\"main\" itemprop=\"mainContentOfPage\"  class='template-page content  av-content-full alpha units'><div class='post-entry post-entry-type-page post-entry-555'><div class='entry-content-wrapper clearfix'>\n<div class='flex_column_table av-dmyp-2df0bc6c9e3c68e853d15ebb3164c035 sc-av_two_third av-equal-height-column-flextable'>\n<style type=\"text\/css\" data-created_by=\"avia_inline_auto\" id=\"style-css-av-dmyp-2df0bc6c9e3c68e853d15ebb3164c035\">\n.flex_column.av-dmyp-2df0bc6c9e3c68e853d15ebb3164c035{\n-webkit-border-radius:0px 0px 0px 0px;\n-moz-border-radius:0px 0px 0px 0px;\nborder-radius:0px 0px 0px 0px;\npadding:0px 0px 0px 0px;\nbackground-color:#f4f2f2;\n}\n<\/style>\n<div class='flex_column av-dmyp-2df0bc6c9e3c68e853d15ebb3164c035 av_two_third  avia-builder-el-1  el_before_av_one_third  avia-builder-el-first  text-min-height max-w-800 first flex_column_table_cell av-equal-height-column av-align-top av-zero-column-padding '     ><section  class='av_textblock_section av-1aogx-03ee433417651a5a79d5c77a293fabfe'  itemscope=\"itemscope\" itemtype=\"https:\/\/schema.org\/CreativeWork\" ><div class='avia_textblock pink-line-left'  itemprop=\"text\" ><h1>With increased awareness among our employees, suppliers and customers.<\/h1>\n<p>Our operations affect the external environment through emissions to air, water, as well as via transportation and consumption of raw materials. We will minimise our environmental impact in a responsible manner and by actively working on it. We also have to meet the requirements of government agencies, customers and other stakeholders. The monitoring of factors that can affect the environment, increased knowledge and awareness among employees, and an open dialogue where pollution prevention and continuous improvements are where our focus needs to be. This, along with compliance with applicable laws, regulations and other requirements, will minimise our environmental impact.<\/p>\n<\/div><\/section><\/div><div class='av-flex-placeholder'><\/div>\n<style type=\"text\/css\" data-created_by=\"avia_inline_auto\" id=\"style-css-av-3k9yx-ec2fb4cc879005bc33427116cbd11c1e\">\n.flex_column.av-3k9yx-ec2fb4cc879005bc33427116cbd11c1e{\n-webkit-border-radius:0px 0px 0px 0px;\n-moz-border-radius:0px 0px 0px 0px;\nborder-radius:0px 0px 0px 0px;\npadding:0px 0px 0px 0px;\nbackground:url(https:\/\/horlewire.com\/wp-content\/uploads\/2019\/10\/environment-horle-web-1030x682.jpg) 50% 50% no-repeat scroll ;\n}\n<\/style>\n<div class='flex_column av-3k9yx-ec2fb4cc879005bc33427116cbd11c1e av_one_third  avia-builder-el-3  el_after_av_two_third  avia-builder-el-last  hw-image-mobile flex_column_table_cell av-equal-height-column av-align-top av-zero-column-padding avia-full-stretch '     ><\/div><\/div><!--close column table wrapper. Autoclose: 1 -->\n\n<\/div><\/div><\/main><!-- close content main element --><\/div><\/div>\n<style type=\"text\/css\" data-created_by=\"avia_inline_auto\" id=\"style-css-av-2m46p-f58061574524fdf547029b81e4485741\">\n.avia-section.av-2m46p-f58061574524fdf547029b81e4485741{\nmargin-top:0px;\nmargin-bottom:20px;\n}\n<\/style>\n<div id='av_section_2'  class='avia-section av-2m46p-f58061574524fdf547029b81e4485741 main_color avia-section-default avia-no-border-styling  avia-builder-el-4  el_after_av_section  el_before_av_section  hw-container kvalitet-hallbarhet-areas avia-bg-style-scroll container_wrap fullsize'  ><div class='container av-section-cont-open' ><div class='template-page content  av-content-full alpha units'><div class='post-entry post-entry-type-page post-entry-555'><div class='entry-content-wrapper clearfix'>\n\n<style type=\"text\/css\" data-created_by=\"avia_inline_auto\" id=\"style-css-av-1q3y5-34ea958b865ba9f55b9f376a0102a6c5\">\n.flex_column.av-1q3y5-34ea958b865ba9f55b9f376a0102a6c5{\n-webkit-border-radius:0px 0px 0px 0px;\n-moz-border-radius:0px 0px 0px 0px;\nborder-radius:0px 0px 0px 0px;\npadding:0px 0px 0px 0px;\n}\n<\/style>\n<div class='flex_column av-1q3y5-34ea958b865ba9f55b9f376a0102a6c5 av_one_half  avia-builder-el-5  el_before_av_one_half  avia-builder-el-first  text-min-height first flex_column_div av-zero-column-padding '     ><section  class='av_textblock_section av-w68x-4e404bc84d9034f9e06824706843e742'  itemscope=\"itemscope\" itemtype=\"https:\/\/schema.org\/CreativeWork\" ><div class='avia_textblock pink-line-left fade-in-one hw-big-title'  itemprop=\"text\" ><h2>Customer focus<\/h2>\n<p>We work actively on ensuring that our products meet, or go beyond, the requirements and expectations of customers and other stakeholders. We&#8217;re dedicated to being exemplary partners and developing together with our customers. We do this by being flexible and responsive to requirements and requests.<\/p>\n<\/div><\/section><\/div>\n<style type=\"text\/css\" data-created_by=\"avia_inline_auto\" id=\"style-css-av-1xg59-fda6b895bc2cae9fb8a31c5859f209df\">\n.flex_column.av-1xg59-fda6b895bc2cae9fb8a31c5859f209df{\n-webkit-border-radius:0px 0px 0px 0px;\n-moz-border-radius:0px 0px 0px 0px;\nborder-radius:0px 0px 0px 0px;\npadding:0px 0px 0px 0px;\n}\n<\/style>\n<div class='flex_column av-1xg59-fda6b895bc2cae9fb8a31c5859f209df av_one_half  avia-builder-el-7  el_after_av_one_half  el_before_av_one_half  text-min-height flex_column_div av-zero-column-padding '     ><section  class='av_textblock_section av-m5ggoy18-90915844c8e282bfb2ffcdd543b2a632'  itemscope=\"itemscope\" itemtype=\"https:\/\/schema.org\/CreativeWork\" ><div class='avia_textblock pink-line-left fade-in-one hw-big-title'  itemprop=\"text\" ><h2>Team spirit<\/h2>\n<p>The added value in the work we do is reflected in the quality of our products which means we can meet customer requirements and expectations. Every employee takes responsibility for and is proud of our operations and our products. To achieve this, we need the right expertise, a sense of responsibility, a high level of service, measurable goals, and compliance with applicable laws, regulations, and other requirements.<\/p>\n<\/div><\/section><\/div>\n<style type=\"text\/css\" data-created_by=\"avia_inline_auto\" id=\"style-css-av-1k8zp-dab27292d8b13dcbcccc2905d4b1248a\">\n.flex_column.av-1k8zp-dab27292d8b13dcbcccc2905d4b1248a{\n-webkit-border-radius:0px 0px 0px 0px;\n-moz-border-radius:0px 0px 0px 0px;\nborder-radius:0px 0px 0px 0px;\npadding:0px 0px 0px 0px;\n}\n<\/style>\n<div class='flex_column av-1k8zp-dab27292d8b13dcbcccc2905d4b1248a av_one_half  avia-builder-el-9  el_after_av_one_half  el_before_av_one_half  text-min-height first flex_column_div av-zero-column-padding column-top-margin'     ><section  class='av_textblock_section av-m5ggpwbn-2bc4378a38cd5f04a60173541bcbfaeb'  itemscope=\"itemscope\" itemtype=\"https:\/\/schema.org\/CreativeWork\" ><div class='avia_textblock pink-line-left fade-in-one hw-big-title'  itemprop=\"text\" ><h2>Quality<\/h2>\n<p>From a customer perspective, we have to deliver the right quality at the right time and at the right price.<\/p>\n<p>Work on quality should be a natural part of our daily work. We&#8217;re constantly working on improvements that lead to better quality in both products, work and management systems.<\/p>\n<\/div><\/section><\/div>\n<style type=\"text\/css\" data-created_by=\"avia_inline_auto\" id=\"style-css-av-zsq5-2dba4672cb1fb60af197aa4784eb7677\">\n.flex_column.av-zsq5-2dba4672cb1fb60af197aa4784eb7677{\n-webkit-border-radius:0px 0px 0px 0px;\n-moz-border-radius:0px 0px 0px 0px;\nborder-radius:0px 0px 0px 0px;\npadding:0px 0px 0px 0px;\n}\n<\/style>\n<div class='flex_column av-zsq5-2dba4672cb1fb60af197aa4784eb7677 av_one_half  avia-builder-el-11  el_after_av_one_half  avia-builder-el-last  text-min-height flex_column_div av-zero-column-padding column-top-margin'     ><section  class='av_textblock_section av-m5ggrv2t-cabdd6b5ca916c92ed25e05a2c9181ad'  itemscope=\"itemscope\" itemtype=\"https:\/\/schema.org\/CreativeWork\" ><div class='avia_textblock pink-line-left fade-in-one hw-big-title'  itemprop=\"text\" ><h2>ISO<\/h2>\n<p>Naturally, we&#8217;re ISO certified, you can see all of our certificates here.<\/p>\n<p><a href=\"https:\/\/horlewire.com\/en\/quality-environment\/certificates\/\">See all of our certificates &gt;&gt;<\/a><\/p>\n<\/div><\/section><\/div><\/div><\/div><\/div><!-- close content main div --><\/div><\/div>\n<style type=\"text\/css\" data-created_by=\"avia_inline_auto\" id=\"style-css-av-1osf1-ea68fa198771e2b08b60730ad0b63c5d\">\n.avia-section.av-1osf1-ea68fa198771e2b08b60730ad0b63c5d{\nmargin-top:0px;\nmargin-bottom:20px;\n}\n<\/style>\n<div id='av_section_3'  class='avia-section av-1osf1-ea68fa198771e2b08b60730ad0b63c5d main_color avia-section-default avia-no-border-styling  avia-builder-el-13  el_after_av_section  avia-builder-el-last  hw-container last-section avia-bg-style-scroll container_wrap fullsize'  ><div class='container av-section-cont-open' ><div class='template-page content  av-content-full alpha units'><div class='post-entry post-entry-type-page post-entry-555'><div class='entry-content-wrapper clearfix'>\n<div class='flex_column_table av-m5ggkgzi-2a0dd70bcf8e786dc1fc2e1f26c579f1 sc-av_two_third av-equal-height-column-flextable'>\n<style type=\"text\/css\" data-created_by=\"avia_inline_auto\" id=\"style-css-av-m5ggkgzi-2a0dd70bcf8e786dc1fc2e1f26c579f1\">\n.flex_column.av-m5ggkgzi-2a0dd70bcf8e786dc1fc2e1f26c579f1{\n-webkit-border-radius:0px 0px 0px 0px;\n-moz-border-radius:0px 0px 0px 0px;\nborder-radius:0px 0px 0px 0px;\npadding:0px 0px 0px 0px;\nbackground-color:#f4f2f2;\n}\n<\/style>\n<div class='flex_column av-m5ggkgzi-2a0dd70bcf8e786dc1fc2e1f26c579f1 av_two_third  avia-builder-el-14  el_before_av_one_third  avia-builder-el-first  text-min-height max-w-800 first flex_column_table_cell av-equal-height-column av-align-top av-zero-column-padding '     ><section  class='av_textblock_section av-m5ggkyqw-2fce5b008ec5c9bce42199fddcdb6b7b'  itemscope=\"itemscope\" itemtype=\"https:\/\/schema.org\/CreativeWork\" ><div class='avia_textblock pink-line-left hw-big-title'  itemprop=\"text\" ><h2>With our test centre, we can offer our customers guaranteed high quality<\/h2>\n<p>Trial runs, testing, quality control \u2013 we leave nothing to chance. At H\u00f6rle Wire, we stand for the high and consistent quality of our products. At our test centre, we regularly check on materials, products and qualities.<\/p>\n<p><a href=\"https:\/\/horlewire.com\/en\/quality-environment\/test-centre\/\">Read more about our test centre &gt;&gt;<\/a><\/p>\n<\/div><\/section><\/div><div class='av-flex-placeholder'><\/div>\n<style type=\"text\/css\" data-created_by=\"avia_inline_auto\" id=\"style-css-av-159pt-c812b21448400b8e3df842d8d8e27f90\">\n.flex_column.av-159pt-c812b21448400b8e3df842d8d8e27f90{\n-webkit-border-radius:0px 0px 0px 0px;\n-moz-border-radius:0px 0px 0px 0px;\nborder-radius:0px 0px 0px 0px;\npadding:0px 0px 0px 0px;\nbackground:url(https:\/\/horlewire.com\/wp-content\/uploads\/2025\/01\/kvalitet-hallbarhet-267x300.jpg) 50% 50% no-repeat scroll ;\n}\n<\/style>\n<div class='flex_column av-159pt-c812b21448400b8e3df842d8d8e27f90 av_one_third  avia-builder-el-16  el_after_av_two_third  avia-builder-el-last  hw-image-mobile flex_column_table_cell av-equal-height-column av-align-top av-zero-column-padding avia-full-stretch '     ><\/div><\/div><!--close column table wrapper. Autoclose: 1 -->\n","protected":false},"excerpt":{"rendered":"","protected":false},"author":1,"featured_media":0,"parent":0,"menu_order":0,"comment_status":"closed","ping_status":"closed","template":"","meta":{"_acf_changed":false,"footnotes":""},"class_list":["post-555","page","type-page","status-publish","hentry"],"acf":[],"yoast_head":"<!-- This site is optimized with the Yoast SEO plugin v26.7 - https:\/\/yoast.com\/wordpress\/plugins\/seo\/ -->\n<title>H\u00f6rle Wire | Vi tar aktivt ansvar f\u00f6r milj\u00f6n | Kvalitet och milj\u00f6<\/title>\n<meta name=\"description\" content=\"Vi tar aktivt ansvar f\u00f6r milj\u00f6n och arbetar f\u00f6r att minimera v\u00e5r milj\u00f6p\u00e5verkan. L\u00e4s mer om hur vi p\u00e5 H\u00f6rle Wire arbetar med kvalitet och milj\u00f6.\" \/>\n<meta name=\"robots\" content=\"index, follow, max-snippet:-1, max-image-preview:large, max-video-preview:-1\" \/>\n<link rel=\"canonical\" href=\"https:\/\/horlewire.com\/en\/quality-environment\/\" \/>\n<meta property=\"og:locale\" content=\"en_US\" \/>\n<meta property=\"og:type\" content=\"article\" \/>\n<meta property=\"og:title\" content=\"H\u00f6rle Wire | Vi tar aktivt ansvar f\u00f6r milj\u00f6n | Kvalitet och milj\u00f6\" \/>\n<meta property=\"og:description\" content=\"Vi tar aktivt ansvar f\u00f6r milj\u00f6n och arbetar f\u00f6r att minimera v\u00e5r milj\u00f6p\u00e5verkan. L\u00e4s mer om hur vi p\u00e5 H\u00f6rle Wire arbetar med kvalitet och milj\u00f6.\" \/>\n<meta property=\"og:url\" content=\"https:\/\/horlewire.com\/en\/quality-environment\/\" \/>\n<meta property=\"og:site_name\" content=\"H\u00f6rle Wire\" \/>\n<meta property=\"article:modified_time\" content=\"2025-03-24T07:59:06+00:00\" \/>\n<meta name=\"twitter:card\" content=\"summary_large_image\" \/>\n<meta name=\"twitter:label1\" content=\"Est. reading time\" \/>\n\t<meta name=\"twitter:data1\" content=\"2 minutes\" \/>\n<script type=\"application\/ld+json\" class=\"yoast-schema-graph\">{\"@context\":\"https:\/\/schema.org\",\"@graph\":[{\"@type\":\"WebPage\",\"@id\":\"https:\/\/horlewire.com\/en\/quality-environment\/\",\"url\":\"https:\/\/horlewire.com\/en\/quality-environment\/\",\"name\":\"H\u00f6rle Wire | Vi tar aktivt ansvar f\u00f6r milj\u00f6n | Kvalitet och milj\u00f6\",\"isPartOf\":{\"@id\":\"https:\/\/horlewire.com\/sk\/#website\"},\"datePublished\":\"2019-09-23T19:07:32+00:00\",\"dateModified\":\"2025-03-24T07:59:06+00:00\",\"description\":\"Vi tar aktivt ansvar f\u00f6r milj\u00f6n och arbetar f\u00f6r att minimera v\u00e5r milj\u00f6p\u00e5verkan. L\u00e4s mer om hur vi p\u00e5 H\u00f6rle Wire arbetar med kvalitet och milj\u00f6.\",\"breadcrumb\":{\"@id\":\"https:\/\/horlewire.com\/en\/quality-environment\/#breadcrumb\"},\"inLanguage\":\"en-US\",\"potentialAction\":[{\"@type\":\"ReadAction\",\"target\":[\"https:\/\/horlewire.com\/en\/quality-environment\/\"]}]},{\"@type\":\"BreadcrumbList\",\"@id\":\"https:\/\/horlewire.com\/en\/quality-environment\/#breadcrumb\",\"itemListElement\":[{\"@type\":\"ListItem\",\"position\":1,\"name\":\"Hem\",\"item\":\"https:\/\/horlewire.com\/en\/\"},{\"@type\":\"ListItem\",\"position\":2,\"name\":\"Quality &#038; Environment\"}]},{\"@type\":\"WebSite\",\"@id\":\"https:\/\/horlewire.com\/sk\/#website\",\"url\":\"https:\/\/horlewire.com\/sk\/\",\"name\":\"H\u00f6rle Wire\",\"description\":\"Welcome to H\u00f6rle Wire Group\",\"potentialAction\":[{\"@type\":\"SearchAction\",\"target\":{\"@type\":\"EntryPoint\",\"urlTemplate\":\"https:\/\/horlewire.com\/sk\/?s={search_term_string}\"},\"query-input\":{\"@type\":\"PropertyValueSpecification\",\"valueRequired\":true,\"valueName\":\"search_term_string\"}}],\"inLanguage\":\"en-US\"}]}<\/script>\n<!-- \/ Yoast SEO plugin. -->","yoast_head_json":{"title":"H\u00f6rle Wire | Vi tar aktivt ansvar f\u00f6r milj\u00f6n | Kvalitet och milj\u00f6","description":"Vi tar aktivt ansvar f\u00f6r milj\u00f6n och arbetar f\u00f6r att minimera v\u00e5r milj\u00f6p\u00e5verkan. L\u00e4s mer om hur vi p\u00e5 H\u00f6rle Wire arbetar med kvalitet och milj\u00f6.","robots":{"index":"index","follow":"follow","max-snippet":"max-snippet:-1","max-image-preview":"max-image-preview:large","max-video-preview":"max-video-preview:-1"},"canonical":"https:\/\/horlewire.com\/en\/quality-environment\/","og_locale":"en_US","og_type":"article","og_title":"H\u00f6rle Wire | Vi tar aktivt ansvar f\u00f6r milj\u00f6n | Kvalitet och milj\u00f6","og_description":"Vi tar aktivt ansvar f\u00f6r milj\u00f6n och arbetar f\u00f6r att minimera v\u00e5r milj\u00f6p\u00e5verkan. L\u00e4s mer om hur vi p\u00e5 H\u00f6rle Wire arbetar med kvalitet och milj\u00f6.","og_url":"https:\/\/horlewire.com\/en\/quality-environment\/","og_site_name":"H\u00f6rle Wire","article_modified_time":"2025-03-24T07:59:06+00:00","twitter_card":"summary_large_image","twitter_misc":{"Est. reading time":"2 minutes"},"schema":{"@context":"https:\/\/schema.org","@graph":[{"@type":"WebPage","@id":"https:\/\/horlewire.com\/en\/quality-environment\/","url":"https:\/\/horlewire.com\/en\/quality-environment\/","name":"H\u00f6rle Wire | Vi tar aktivt ansvar f\u00f6r milj\u00f6n | Kvalitet och milj\u00f6","isPartOf":{"@id":"https:\/\/horlewire.com\/sk\/#website"},"datePublished":"2019-09-23T19:07:32+00:00","dateModified":"2025-03-24T07:59:06+00:00","description":"Vi tar aktivt ansvar f\u00f6r milj\u00f6n och arbetar f\u00f6r att minimera v\u00e5r milj\u00f6p\u00e5verkan. L\u00e4s mer om hur vi p\u00e5 H\u00f6rle Wire arbetar med kvalitet och milj\u00f6.","breadcrumb":{"@id":"https:\/\/horlewire.com\/en\/quality-environment\/#breadcrumb"},"inLanguage":"en-US","potentialAction":[{"@type":"ReadAction","target":["https:\/\/horlewire.com\/en\/quality-environment\/"]}]},{"@type":"BreadcrumbList","@id":"https:\/\/horlewire.com\/en\/quality-environment\/#breadcrumb","itemListElement":[{"@type":"ListItem","position":1,"name":"Hem","item":"https:\/\/horlewire.com\/en\/"},{"@type":"ListItem","position":2,"name":"Quality &#038; Environment"}]},{"@type":"WebSite","@id":"https:\/\/horlewire.com\/sk\/#website","url":"https:\/\/horlewire.com\/sk\/","name":"H\u00f6rle Wire","description":"Welcome to H\u00f6rle Wire Group","potentialAction":[{"@type":"SearchAction","target":{"@type":"EntryPoint","urlTemplate":"https:\/\/horlewire.com\/sk\/?s={search_term_string}"},"query-input":{"@type":"PropertyValueSpecification","valueRequired":true,"valueName":"search_term_string"}}],"inLanguage":"en-US"}]}},"_links":{"self":[{"href":"https:\/\/horlewire.com\/en\/wp-json\/wp\/v2\/pages\/555","targetHints":{"allow":["GET"]}}],"collection":[{"href":"https:\/\/horlewire.com\/en\/wp-json\/wp\/v2\/pages"}],"about":[{"href":"https:\/\/horlewire.com\/en\/wp-json\/wp\/v2\/types\/page"}],"author":[{"embeddable":true,"href":"https:\/\/horlewire.com\/en\/wp-json\/wp\/v2\/users\/1"}],"replies":[{"embeddable":true,"href":"https:\/\/horlewire.com\/en\/wp-json\/wp\/v2\/comments?post=555"}],"version-history":[{"count":14,"href":"https:\/\/horlewire.com\/en\/wp-json\/wp\/v2\/pages\/555\/revisions"}],"predecessor-version":[{"id":6372,"href":"https:\/\/horlewire.com\/en\/wp-json\/wp\/v2\/pages\/555\/revisions\/6372"}],"wp:attachment":[{"href":"https:\/\/horlewire.com\/en\/wp-json\/wp\/v2\/media?parent=555"}],"curies":[{"name":"wp","href":"https:\/\/api.w.org\/{rel}","templated":true}]}}