{"id":4798,"date":"2025-01-08T13:21:05","date_gmt":"2025-01-08T13:21:05","guid":{"rendered":"https:\/\/dev.horlewire.com\/vyrobky\/kabelarmeringstrad\/"},"modified":"2025-02-17T10:38:12","modified_gmt":"2025-02-17T10:38:12","slug":"drot-na-armovanie-kablov","status":"publish","type":"page","link":"https:\/\/horlewire.com\/sk\/produkty\/drot-na-armovanie-kablov\/","title":{"rendered":"Dr\u00f4t na armovanie k\u00e1blov"},"content":{"rendered":"<p><strong>Balenie<\/strong><br \/>\nRozeta<\/p>\n<p><strong>V\u00e1ha balenia<\/strong><br \/>\n800-3000 kg<\/p>\n<p><strong>Priemery<\/strong><br \/>\n\u00d8 1,60 \u2013 7,50 mm (trieda 34)<br \/>\n\u00d8 2,00 \u2013 6,00 mm (trieda max. 125)<\/p>\n<p><strong>Povrchov\u00e1 \u00faprava<\/strong><br \/>\n\u017diarovo Zn: max 500 g\/m2, EN 10244-2<\/p>\n<p><strong>Technick\u00e9 dodacie podmienky<\/strong><br \/>\nEN 10021, EN 10244-2, EN 10257-1, EN 10257-2<\/p>\n","protected":false},"excerpt":{"rendered":"<p>Balenie Rozeta V\u00e1ha balenia 800-3000 kg Priemery \u00d8 1,60 \u2013 7,50 mm (trieda 34) \u00d8 2,00 \u2013 6,00 mm (trieda max. 125) Povrchov\u00e1 \u00faprava \u017diarovo Zn: max 500 g\/m2, EN 10244-2 Technick\u00e9 dodacie podmienky EN 10021, EN 10244-2, EN 10257-1, EN 10257-2<\/p>\n","protected":false},"author":3,"featured_media":4148,"parent":4731,"menu_order":0,"comment_status":"closed","ping_status":"closed","template":"","meta":{"_acf_changed":false,"footnotes":""},"class_list":["post-4798","page","type-page","status-publish","has-post-thumbnail","hentry"],"acf":[],"yoast_head":"<!-- This site is optimized with the Yoast SEO plugin v26.7 - https:\/\/yoast.com\/wordpress\/plugins\/seo\/ -->\n<title>Dr\u00f4t na armovanie k\u00e1blov - H\u00f6rle Wire<\/title>\n<meta name=\"robots\" content=\"index, follow, max-snippet:-1, max-image-preview:large, max-video-preview:-1\" \/>\n<link rel=\"canonical\" href=\"https:\/\/horlewire.com\/sk\/produkty\/drot-na-armovanie-kablov\/\" \/>\n<meta property=\"og:locale\" content=\"sk_SK\" \/>\n<meta property=\"og:type\" content=\"article\" \/>\n<meta property=\"og:title\" content=\"Dr\u00f4t na armovanie k\u00e1blov - H\u00f6rle Wire\" \/>\n<meta property=\"og:description\" content=\"Balenie Rozeta V\u00e1ha balenia 800-3000 kg Priemery \u00d8 1,60 \u2013 7,50 mm (trieda 34) \u00d8 2,00 \u2013 6,00 mm (trieda max. 125) Povrchov\u00e1 \u00faprava \u017diarovo Zn: max 500 g\/m2, EN 10244-2 Technick\u00e9 dodacie podmienky EN 10021, EN 10244-2, EN 10257-1, EN 10257-2\" \/>\n<meta property=\"og:url\" content=\"https:\/\/horlewire.com\/sk\/produkty\/drot-na-armovanie-kablov\/\" \/>\n<meta property=\"og:site_name\" content=\"H\u00f6rle Wire\" \/>\n<meta property=\"article:modified_time\" content=\"2025-02-17T10:38:12+00:00\" \/>\n<meta property=\"og:image\" content=\"https:\/\/horlewire.com\/wp-content\/uploads\/2025\/01\/kabelarmeringstrad.jpg\" \/>\n\t<meta property=\"og:image:width\" content=\"1200\" \/>\n\t<meta property=\"og:image:height\" content=\"978\" \/>\n\t<meta property=\"og:image:type\" content=\"image\/jpeg\" \/>\n<meta name=\"twitter:card\" content=\"summary_large_image\" \/>\n<script type=\"application\/ld+json\" class=\"yoast-schema-graph\">{\"@context\":\"https:\/\/schema.org\",\"@graph\":[{\"@type\":\"WebPage\",\"@id\":\"https:\/\/horlewire.com\/sk\/produkty\/drot-na-armovanie-kablov\/\",\"url\":\"https:\/\/horlewire.com\/sk\/produkty\/drot-na-armovanie-kablov\/\",\"name\":\"Dr\u00f4t na armovanie k\u00e1blov - H\u00f6rle Wire\",\"isPartOf\":{\"@id\":\"https:\/\/horlewire.com\/sk\/#website\"},\"primaryImageOfPage\":{\"@id\":\"https:\/\/horlewire.com\/sk\/produkty\/drot-na-armovanie-kablov\/#primaryimage\"},\"image\":{\"@id\":\"https:\/\/horlewire.com\/sk\/produkty\/drot-na-armovanie-kablov\/#primaryimage\"},\"thumbnailUrl\":\"https:\/\/horlewire.com\/wp-content\/uploads\/2025\/01\/kabelarmeringstrad.jpg\",\"datePublished\":\"2025-01-08T13:21:05+00:00\",\"dateModified\":\"2025-02-17T10:38:12+00:00\",\"breadcrumb\":{\"@id\":\"https:\/\/horlewire.com\/sk\/produkty\/drot-na-armovanie-kablov\/#breadcrumb\"},\"inLanguage\":\"sk-SK\",\"potentialAction\":[{\"@type\":\"ReadAction\",\"target\":[\"https:\/\/horlewire.com\/sk\/produkty\/drot-na-armovanie-kablov\/\"]}]},{\"@type\":\"ImageObject\",\"inLanguage\":\"sk-SK\",\"@id\":\"https:\/\/horlewire.com\/sk\/produkty\/drot-na-armovanie-kablov\/#primaryimage\",\"url\":\"https:\/\/horlewire.com\/wp-content\/uploads\/2025\/01\/kabelarmeringstrad.jpg\",\"contentUrl\":\"https:\/\/horlewire.com\/wp-content\/uploads\/2025\/01\/kabelarmeringstrad.jpg\",\"width\":1200,\"height\":978},{\"@type\":\"BreadcrumbList\",\"@id\":\"https:\/\/horlewire.com\/sk\/produkty\/drot-na-armovanie-kablov\/#breadcrumb\",\"itemListElement\":[{\"@type\":\"ListItem\",\"position\":1,\"name\":\"Hem\",\"item\":\"https:\/\/horlewire.com\/sk\/\"},{\"@type\":\"ListItem\",\"position\":2,\"name\":\"Produkty\",\"item\":\"https:\/\/horlewire.com\/sk\/produkty\/\"},{\"@type\":\"ListItem\",\"position\":3,\"name\":\"Dr\u00f4t na armovanie k\u00e1blov\"}]},{\"@type\":\"WebSite\",\"@id\":\"https:\/\/horlewire.com\/sk\/#website\",\"url\":\"https:\/\/horlewire.com\/sk\/\",\"name\":\"H\u00f6rle Wire\",\"description\":\"Welcome to H\u00f6rle Wire Group\",\"potentialAction\":[{\"@type\":\"SearchAction\",\"target\":{\"@type\":\"EntryPoint\",\"urlTemplate\":\"https:\/\/horlewire.com\/sk\/?s={search_term_string}\"},\"query-input\":{\"@type\":\"PropertyValueSpecification\",\"valueRequired\":true,\"valueName\":\"search_term_string\"}}],\"inLanguage\":\"sk-SK\"}]}<\/script>\n<!-- \/ Yoast SEO plugin. -->","yoast_head_json":{"title":"Dr\u00f4t na armovanie k\u00e1blov - H\u00f6rle Wire","robots":{"index":"index","follow":"follow","max-snippet":"max-snippet:-1","max-image-preview":"max-image-preview:large","max-video-preview":"max-video-preview:-1"},"canonical":"https:\/\/horlewire.com\/sk\/produkty\/drot-na-armovanie-kablov\/","og_locale":"sk_SK","og_type":"article","og_title":"Dr\u00f4t na armovanie k\u00e1blov - H\u00f6rle Wire","og_description":"Balenie Rozeta V\u00e1ha balenia 800-3000 kg Priemery \u00d8 1,60 \u2013 7,50 mm (trieda 34) \u00d8 2,00 \u2013 6,00 mm (trieda max. 125) Povrchov\u00e1 \u00faprava \u017diarovo Zn: max 500 g\/m2, EN 10244-2 Technick\u00e9 dodacie podmienky EN 10021, EN 10244-2, EN 10257-1, EN 10257-2","og_url":"https:\/\/horlewire.com\/sk\/produkty\/drot-na-armovanie-kablov\/","og_site_name":"H\u00f6rle Wire","article_modified_time":"2025-02-17T10:38:12+00:00","og_image":[{"width":1200,"height":978,"url":"https:\/\/horlewire.com\/wp-content\/uploads\/2025\/01\/kabelarmeringstrad.jpg","type":"image\/jpeg"}],"twitter_card":"summary_large_image","schema":{"@context":"https:\/\/schema.org","@graph":[{"@type":"WebPage","@id":"https:\/\/horlewire.com\/sk\/produkty\/drot-na-armovanie-kablov\/","url":"https:\/\/horlewire.com\/sk\/produkty\/drot-na-armovanie-kablov\/","name":"Dr\u00f4t na armovanie k\u00e1blov - H\u00f6rle Wire","isPartOf":{"@id":"https:\/\/horlewire.com\/sk\/#website"},"primaryImageOfPage":{"@id":"https:\/\/horlewire.com\/sk\/produkty\/drot-na-armovanie-kablov\/#primaryimage"},"image":{"@id":"https:\/\/horlewire.com\/sk\/produkty\/drot-na-armovanie-kablov\/#primaryimage"},"thumbnailUrl":"https:\/\/horlewire.com\/wp-content\/uploads\/2025\/01\/kabelarmeringstrad.jpg","datePublished":"2025-01-08T13:21:05+00:00","dateModified":"2025-02-17T10:38:12+00:00","breadcrumb":{"@id":"https:\/\/horlewire.com\/sk\/produkty\/drot-na-armovanie-kablov\/#breadcrumb"},"inLanguage":"sk-SK","potentialAction":[{"@type":"ReadAction","target":["https:\/\/horlewire.com\/sk\/produkty\/drot-na-armovanie-kablov\/"]}]},{"@type":"ImageObject","inLanguage":"sk-SK","@id":"https:\/\/horlewire.com\/sk\/produkty\/drot-na-armovanie-kablov\/#primaryimage","url":"https:\/\/horlewire.com\/wp-content\/uploads\/2025\/01\/kabelarmeringstrad.jpg","contentUrl":"https:\/\/horlewire.com\/wp-content\/uploads\/2025\/01\/kabelarmeringstrad.jpg","width":1200,"height":978},{"@type":"BreadcrumbList","@id":"https:\/\/horlewire.com\/sk\/produkty\/drot-na-armovanie-kablov\/#breadcrumb","itemListElement":[{"@type":"ListItem","position":1,"name":"Hem","item":"https:\/\/horlewire.com\/sk\/"},{"@type":"ListItem","position":2,"name":"Produkty","item":"https:\/\/horlewire.com\/sk\/produkty\/"},{"@type":"ListItem","position":3,"name":"Dr\u00f4t na armovanie k\u00e1blov"}]},{"@type":"WebSite","@id":"https:\/\/horlewire.com\/sk\/#website","url":"https:\/\/horlewire.com\/sk\/","name":"H\u00f6rle Wire","description":"Welcome to H\u00f6rle Wire Group","potentialAction":[{"@type":"SearchAction","target":{"@type":"EntryPoint","urlTemplate":"https:\/\/horlewire.com\/sk\/?s={search_term_string}"},"query-input":{"@type":"PropertyValueSpecification","valueRequired":true,"valueName":"search_term_string"}}],"inLanguage":"sk-SK"}]}},"_links":{"self":[{"href":"https:\/\/horlewire.com\/sk\/wp-json\/wp\/v2\/pages\/4798","targetHints":{"allow":["GET"]}}],"collection":[{"href":"https:\/\/horlewire.com\/sk\/wp-json\/wp\/v2\/pages"}],"about":[{"href":"https:\/\/horlewire.com\/sk\/wp-json\/wp\/v2\/types\/page"}],"author":[{"embeddable":true,"href":"https:\/\/horlewire.com\/sk\/wp-json\/wp\/v2\/users\/3"}],"replies":[{"embeddable":true,"href":"https:\/\/horlewire.com\/sk\/wp-json\/wp\/v2\/comments?post=4798"}],"version-history":[{"count":4,"href":"https:\/\/horlewire.com\/sk\/wp-json\/wp\/v2\/pages\/4798\/revisions"}],"predecessor-version":[{"id":5689,"href":"https:\/\/horlewire.com\/sk\/wp-json\/wp\/v2\/pages\/4798\/revisions\/5689"}],"up":[{"embeddable":true,"href":"https:\/\/horlewire.com\/sk\/wp-json\/wp\/v2\/pages\/4731"}],"wp:featuredmedia":[{"embeddable":true,"href":"https:\/\/horlewire.com\/sk\/wp-json\/wp\/v2\/media\/4148"}],"wp:attachment":[{"href":"https:\/\/horlewire.com\/sk\/wp-json\/wp\/v2\/media?parent=4798"}],"curies":[{"name":"wp","href":"https:\/\/api.w.org\/{rel}","templated":true}]}}