{"id":559,"date":"2019-09-23T19:07:32","date_gmt":"2019-09-23T19:07:32","guid":{"rendered":"http:\/\/hw.creativebox.se\/kvalitet-och-miljo\/"},"modified":"2025-02-17T13:45:05","modified_gmt":"2025-02-17T13:45:05","slug":"kvalita-zivotne-prostredie","status":"publish","type":"page","link":"https:\/\/horlewire.com\/sk\/kvalita-zivotne-prostredie\/","title":{"rendered":"Kvalita &#038; \u017divotne prostredie"},"content":{"rendered":"\n<style type=\"text\/css\" data-created_by=\"avia_inline_auto\" id=\"style-css-av-gkip-9f5f8210211d19bcc8d401f667073129\">\n.avia-section.av-gkip-9f5f8210211d19bcc8d401f667073129{\nmargin-top:0px;\nmargin-bottom:20px;\n}\n<\/style>\n<div id='av_section_1'  class='avia-section av-gkip-9f5f8210211d19bcc8d401f667073129 main_color avia-section-default avia-no-border-styling  avia-builder-el-0  el_before_av_section  avia-builder-el-first  hw-container avia-bg-style-scroll container_wrap fullsize'  ><div class='container av-section-cont-open' ><main  role=\"main\" itemprop=\"mainContentOfPage\"  class='template-page content  av-content-full alpha units'><div class='post-entry post-entry-type-page post-entry-559'><div class='entry-content-wrapper clearfix'>\n<div class='flex_column_table av-dmyp-2df0bc6c9e3c68e853d15ebb3164c035 sc-av_two_third av-equal-height-column-flextable'>\n<style type=\"text\/css\" data-created_by=\"avia_inline_auto\" id=\"style-css-av-dmyp-2df0bc6c9e3c68e853d15ebb3164c035\">\n.flex_column.av-dmyp-2df0bc6c9e3c68e853d15ebb3164c035{\n-webkit-border-radius:0px 0px 0px 0px;\n-moz-border-radius:0px 0px 0px 0px;\nborder-radius:0px 0px 0px 0px;\npadding:0px 0px 0px 0px;\nbackground-color:#f4f2f2;\n}\n<\/style>\n<div class='flex_column av-dmyp-2df0bc6c9e3c68e853d15ebb3164c035 av_two_third  avia-builder-el-1  el_before_av_one_third  avia-builder-el-first  text-min-height max-w-800 first flex_column_table_cell av-equal-height-column av-align-top av-zero-column-padding '     ><section  class='av_textblock_section av-1aogx-03ee433417651a5a79d5c77a293fabfe'  itemscope=\"itemscope\" itemtype=\"https:\/\/schema.org\/CreativeWork\" ><div class='avia_textblock pink-line-left'  itemprop=\"text\" ><h1>So zv\u00fd\u0161en\u00fdm povedom\u00edm medzi na\u0161imi zamestnancami, dod\u00e1vate\u013emi a z\u00e1kazn\u00edkmi.<\/h1>\n<p>Na\u0161a \u010dinnos\u0165 ovplyv\u0148uje vonkaj\u0161ie prostredie emisiami do ovzdu\u0161ia, vody, dopravou a spotrebou surov\u00edn. Zodpovedn\u00fdm sp\u00f4sobom a akt\u00edvnou pr\u00e1cou mus\u00edme minimalizova\u0165 n\u00e1\u0161 dopad na \u017eivotn\u00e9 prostredie. Z\u00e1rove\u0148 mus\u00edme sp\u013a\u0148a\u0165 po\u017eiadavky org\u00e1nov, z\u00e1kazn\u00edkov a in\u00fdch zainteresovan\u00fdch str\u00e1n. Monitorovanie faktorov, ktor\u00e9 m\u00f4\u017eu ovplyvni\u0165 \u017eivotn\u00e9 prostredie, preh\u013abenie znalost\u00ed a povedomia medzi zamestnancami, otvoren\u00fd dial\u00f3g so zameran\u00edm na prevenciu zne\u010dis\u0165ovania a neust\u00e1le zlep\u0161ovanie. To spolu s dodr\u017eiavan\u00edm platn\u00fdch z\u00e1konov, predpisov a in\u00fdch po\u017eiadaviek minimalizuje n\u00e1\u0161 vplyv na \u017eivotn\u00e9 prostredie.<\/p>\n<\/div><\/section><\/div><div class='av-flex-placeholder'><\/div>\n<style type=\"text\/css\" data-created_by=\"avia_inline_auto\" id=\"style-css-av-3k9yx-f90ca44ddd0f31058f940621bb267f01\">\n.flex_column.av-3k9yx-f90ca44ddd0f31058f940621bb267f01{\n-webkit-border-radius:0px 0px 0px 0px;\n-moz-border-radius:0px 0px 0px 0px;\nborder-radius:0px 0px 0px 0px;\npadding:0px 0px 0px 0px;\nbackground:url(https:\/\/horlewire.com\/wp-content\/uploads\/2019\/10\/environment-horle-web-1030x682.jpg) 50% 50% no-repeat scroll ;\n}\n<\/style>\n<div class='flex_column av-3k9yx-f90ca44ddd0f31058f940621bb267f01 av_one_third  avia-builder-el-3  el_after_av_two_third  avia-builder-el-last  hw-image-mobile flex_column_table_cell av-equal-height-column av-align-top av-zero-column-padding avia-full-stretch '     ><\/div><\/div><!--close column table wrapper. Autoclose: 1 --><\/div><\/div><\/main><!-- close content main element --><\/div><\/div>\n<style type=\"text\/css\" data-created_by=\"avia_inline_auto\" id=\"style-css-av-2m46p-f58061574524fdf547029b81e4485741\">\n.avia-section.av-2m46p-f58061574524fdf547029b81e4485741{\nmargin-top:0px;\nmargin-bottom:20px;\n}\n<\/style>\n<div id='av_section_2'  class='avia-section av-2m46p-f58061574524fdf547029b81e4485741 main_color avia-section-default avia-no-border-styling  avia-builder-el-4  el_after_av_section  el_before_av_section  hw-container kvalitet-hallbarhet-areas avia-bg-style-scroll container_wrap fullsize'  ><div class='container av-section-cont-open' ><div class='template-page content  av-content-full alpha units'><div class='post-entry post-entry-type-page post-entry-559'><div class='entry-content-wrapper clearfix'>\n\n<style type=\"text\/css\" data-created_by=\"avia_inline_auto\" id=\"style-css-av-1q3y5-34ea958b865ba9f55b9f376a0102a6c5\">\n.flex_column.av-1q3y5-34ea958b865ba9f55b9f376a0102a6c5{\n-webkit-border-radius:0px 0px 0px 0px;\n-moz-border-radius:0px 0px 0px 0px;\nborder-radius:0px 0px 0px 0px;\npadding:0px 0px 0px 0px;\n}\n<\/style>\n<div class='flex_column av-1q3y5-34ea958b865ba9f55b9f376a0102a6c5 av_one_half  avia-builder-el-5  el_before_av_one_half  avia-builder-el-first  text-min-height first flex_column_div av-zero-column-padding '     ><section  class='av_textblock_section av-w68x-4e404bc84d9034f9e06824706843e742'  itemscope=\"itemscope\" itemtype=\"https:\/\/schema.org\/CreativeWork\" ><div class='avia_textblock pink-line-left fade-in-one hw-big-title'  itemprop=\"text\" ><h2>Zameranie na z\u00e1kazn\u00edka<\/h2>\n<p>Akt\u00edvne pracujeme na tom, aby na\u0161e produkty sp\u013a\u0148ali alebo prekra\u010dovali po\u017eiadavky a o\u010dak\u00e1vania z\u00e1kazn\u00edkov a in\u00fdch zainteresovan\u00fdch str\u00e1n. Budeme vzorn\u00fdmi partnermi a budeme sa rozv\u00edja\u0165 spolu s na\u0161imi z\u00e1kazn\u00edkmi. Dosiahneme to na\u0161ou flexibilitou a schopnos\u0165ou reagova\u0165 na po\u017eiadavky a \u017eelania z\u00e1kazn\u00edkov.<\/p>\n<\/div><\/section><\/div>\n<style type=\"text\/css\" data-created_by=\"avia_inline_auto\" id=\"style-css-av-1xg59-fda6b895bc2cae9fb8a31c5859f209df\">\n.flex_column.av-1xg59-fda6b895bc2cae9fb8a31c5859f209df{\n-webkit-border-radius:0px 0px 0px 0px;\n-moz-border-radius:0px 0px 0px 0px;\nborder-radius:0px 0px 0px 0px;\npadding:0px 0px 0px 0px;\n}\n<\/style>\n<div class='flex_column av-1xg59-fda6b895bc2cae9fb8a31c5859f209df av_one_half  avia-builder-el-7  el_after_av_one_half  el_before_av_one_half  text-min-height flex_column_div av-zero-column-padding '     ><section  class='av_textblock_section av-m5ggoy18-90915844c8e282bfb2ffcdd543b2a632'  itemscope=\"itemscope\" itemtype=\"https:\/\/schema.org\/CreativeWork\" ><div class='avia_textblock pink-line-left fade-in-one hw-big-title'  itemprop=\"text\" ><h2>T\u00edmov\u00fd duch<\/h2>\n<p>Pridan\u00e1 hodnota v pr\u00e1ci, ktor\u00fa vykon\u00e1vame, sa odzrkad\u013euje v kvalite na\u0161ich produktov, aby sme dok\u00e1zali splni\u0165 po\u017eiadavky a o\u010dak\u00e1vania z\u00e1kazn\u00edkov. Ka\u017ed\u00fd jeden zamestnanec preber\u00e1 zodpovednos\u0165 za na\u0161e prev\u00e1dzky a na\u0161e produkty a je na ne hrd\u00fd. Aby sme to dosiahli, potrebujeme tie spr\u00e1vne kompetencie, zmysel pre zodpovednos\u0165, vysok\u00fa \u00farove\u0148 slu\u017eieb, merate\u013en\u00e9 ciele a s\u00falad s platn\u00fdmi z\u00e1konmi, nariadeniami a in\u00fdmi po\u017eiadavkami.<\/p>\n<\/div><\/section><\/div>\n<style type=\"text\/css\" data-created_by=\"avia_inline_auto\" id=\"style-css-av-1k8zp-dab27292d8b13dcbcccc2905d4b1248a\">\n.flex_column.av-1k8zp-dab27292d8b13dcbcccc2905d4b1248a{\n-webkit-border-radius:0px 0px 0px 0px;\n-moz-border-radius:0px 0px 0px 0px;\nborder-radius:0px 0px 0px 0px;\npadding:0px 0px 0px 0px;\n}\n<\/style>\n<div class='flex_column av-1k8zp-dab27292d8b13dcbcccc2905d4b1248a av_one_half  avia-builder-el-9  el_after_av_one_half  el_before_av_one_half  text-min-height first flex_column_div av-zero-column-padding column-top-margin'     ><section  class='av_textblock_section av-m5ggpwbn-2bc4378a38cd5f04a60173541bcbfaeb'  itemscope=\"itemscope\" itemtype=\"https:\/\/schema.org\/CreativeWork\" ><div class='avia_textblock pink-line-left fade-in-one hw-big-title'  itemprop=\"text\" ><h2>Kvalita<\/h2>\n<p>Z poh\u013eadu z\u00e1kazn\u00edka mus\u00edme doda\u0165 spr\u00e1vnu kvalitu v spr\u00e1vnom \u010dase a za spr\u00e1vnu cenu.<\/p>\n<p>Kvalitn\u00e1 pr\u00e1ca by mala by\u0165 prirodzenou s\u00fa\u010das\u0165ou ka\u017edodennej pr\u00e1ce. Neust\u00e1le pracujeme na vylep\u0161eniach, ktor\u00e9 ved\u00fa k lep\u0161ej kvalite produktov, pr\u00e1ce a syst\u00e9mov riadenia.<\/p>\n<\/div><\/section><\/div>\n<style type=\"text\/css\" data-created_by=\"avia_inline_auto\" id=\"style-css-av-zsq5-2dba4672cb1fb60af197aa4784eb7677\">\n.flex_column.av-zsq5-2dba4672cb1fb60af197aa4784eb7677{\n-webkit-border-radius:0px 0px 0px 0px;\n-moz-border-radius:0px 0px 0px 0px;\nborder-radius:0px 0px 0px 0px;\npadding:0px 0px 0px 0px;\n}\n<\/style>\n<div class='flex_column av-zsq5-2dba4672cb1fb60af197aa4784eb7677 av_one_half  avia-builder-el-11  el_after_av_one_half  avia-builder-el-last  text-min-height flex_column_div av-zero-column-padding column-top-margin'     ><section  class='av_textblock_section av-m5ggrv2t-cabdd6b5ca916c92ed25e05a2c9181ad'  itemscope=\"itemscope\" itemtype=\"https:\/\/schema.org\/CreativeWork\" ><div class='avia_textblock pink-line-left fade-in-one hw-big-title'  itemprop=\"text\" ><h2>ISO<\/h2>\n<p>Samozrejme m\u00e1me ISO certifik\u00e1ciu, tu si m\u00f4\u017eete pozrie\u0165 v\u0161etky na\u0161e certifik\u00e1ty.<\/p>\n<p><a href=\"https:\/\/horlewire.com\/kvalitet-och-hallbarhet\/certifikat\/\">Zobrazi\u0165 v\u0161etky certifik\u00e1ty &gt;&gt;<\/a><\/p>\n<\/div><\/section><\/div><\/div><\/div><\/div><!-- close content main div --><\/div><\/div>\n<style type=\"text\/css\" data-created_by=\"avia_inline_auto\" id=\"style-css-av-1osf1-ea68fa198771e2b08b60730ad0b63c5d\">\n.avia-section.av-1osf1-ea68fa198771e2b08b60730ad0b63c5d{\nmargin-top:0px;\nmargin-bottom:20px;\n}\n<\/style>\n<div id='av_section_3'  class='avia-section av-1osf1-ea68fa198771e2b08b60730ad0b63c5d main_color avia-section-default avia-no-border-styling  avia-builder-el-13  el_after_av_section  avia-builder-el-last  hw-container last-section avia-bg-style-scroll container_wrap fullsize'  ><div class='container av-section-cont-open' ><div class='template-page content  av-content-full alpha units'><div class='post-entry post-entry-type-page post-entry-559'><div class='entry-content-wrapper clearfix'>\n<div class='flex_column_table av-m5ggkgzi-2a0dd70bcf8e786dc1fc2e1f26c579f1 sc-av_two_third av-equal-height-column-flextable'>\n<style type=\"text\/css\" data-created_by=\"avia_inline_auto\" id=\"style-css-av-m5ggkgzi-2a0dd70bcf8e786dc1fc2e1f26c579f1\">\n.flex_column.av-m5ggkgzi-2a0dd70bcf8e786dc1fc2e1f26c579f1{\n-webkit-border-radius:0px 0px 0px 0px;\n-moz-border-radius:0px 0px 0px 0px;\nborder-radius:0px 0px 0px 0px;\npadding:0px 0px 0px 0px;\nbackground-color:#f4f2f2;\n}\n<\/style>\n<div class='flex_column av-m5ggkgzi-2a0dd70bcf8e786dc1fc2e1f26c579f1 av_two_third  avia-builder-el-14  el_before_av_one_third  avia-builder-el-first  text-min-height max-w-800 first flex_column_table_cell av-equal-height-column av-align-top av-zero-column-padding '     ><section  class='av_textblock_section av-m5ggkyqw-2fce5b008ec5c9bce42199fddcdb6b7b'  itemscope=\"itemscope\" itemtype=\"https:\/\/schema.org\/CreativeWork\" ><div class='avia_textblock pink-line-left hw-big-title'  itemprop=\"text\" ><h2>V\u010faka n\u00e1\u0161mu testovaciemu stredisku m\u00f4\u017eeme z\u00e1kazn\u00edkom pon\u00faknu\u0165 zaru\u010den\u00fa vysok\u00fa kvalitu.<\/h2>\n<p>Testovacia prev\u00e1dzka, testovanie, kontrola kvality \u2013 ni\u010d nenech\u00e1vame na n\u00e1hodu. V spolo\u010dnosti H\u00f6rle Wire si zaklad\u00e1me na vysokej a st\u00e1lej kvalite na\u0161ich produktov. V na\u0161om testovacom stredisku pravidelne kontrolujeme materi\u00e1ly, produkty a kvality.<\/p>\n<p><a href=\"https:\/\/horlewire.com\/kvalitet-och-hallbarhet\/testcenter\/\">Pre\u010d\u00edtajte si viac o na\u0161om testovacom stredisku &gt;&gt;<\/a><\/p>\n<\/div><\/section><\/div><div class='av-flex-placeholder'><\/div>\n<style type=\"text\/css\" data-created_by=\"avia_inline_auto\" id=\"style-css-av-159pt-d3c0191e6a12698ddc438fa2ff00657c\">\n.flex_column.av-159pt-d3c0191e6a12698ddc438fa2ff00657c{\n-webkit-border-radius:0px 0px 0px 0px;\n-moz-border-radius:0px 0px 0px 0px;\nborder-radius:0px 0px 0px 0px;\npadding:0px 0px 0px 0px;\nbackground:url(https:\/\/horlewire.com\/wp-content\/uploads\/2025\/01\/kvalitet-hallbarhet-267x300.jpg) 50% 50% no-repeat scroll ;\n}\n<\/style>\n<div class='flex_column av-159pt-d3c0191e6a12698ddc438fa2ff00657c av_one_third  avia-builder-el-16  el_after_av_two_third  avia-builder-el-last  hw-image-mobile flex_column_table_cell av-equal-height-column av-align-top av-zero-column-padding avia-full-stretch '     ><\/div><\/div><!--close column table wrapper. Autoclose: 1 -->\n","protected":false},"excerpt":{"rendered":"","protected":false},"author":1,"featured_media":0,"parent":0,"menu_order":0,"comment_status":"closed","ping_status":"closed","template":"","meta":{"_acf_changed":false,"footnotes":""},"class_list":["post-559","page","type-page","status-publish","hentry"],"acf":[],"yoast_head":"<!-- This site is optimized with the Yoast SEO plugin v26.7 - https:\/\/yoast.com\/wordpress\/plugins\/seo\/ -->\n<title>H\u00f6rle Wire | Vi tar aktivt ansvar f\u00f6r milj\u00f6n | Kvalitet och milj\u00f6<\/title>\n<meta name=\"description\" content=\"Vi tar aktivt ansvar f\u00f6r milj\u00f6n och arbetar f\u00f6r att minimera v\u00e5r milj\u00f6p\u00e5verkan. L\u00e4s mer om hur vi p\u00e5 H\u00f6rle Wire arbetar med kvalitet och milj\u00f6.\" \/>\n<meta name=\"robots\" content=\"index, follow, max-snippet:-1, max-image-preview:large, max-video-preview:-1\" \/>\n<link rel=\"canonical\" href=\"https:\/\/horlewire.com\/sk\/kvalita-zivotne-prostredie\/\" \/>\n<meta property=\"og:locale\" content=\"sk_SK\" \/>\n<meta property=\"og:type\" content=\"article\" \/>\n<meta property=\"og:title\" content=\"H\u00f6rle Wire | Vi tar aktivt ansvar f\u00f6r milj\u00f6n | Kvalitet och milj\u00f6\" \/>\n<meta property=\"og:description\" content=\"Vi tar aktivt ansvar f\u00f6r milj\u00f6n och arbetar f\u00f6r att minimera v\u00e5r milj\u00f6p\u00e5verkan. L\u00e4s mer om hur vi p\u00e5 H\u00f6rle Wire arbetar med kvalitet och milj\u00f6.\" \/>\n<meta property=\"og:url\" content=\"https:\/\/horlewire.com\/sk\/kvalita-zivotne-prostredie\/\" \/>\n<meta property=\"og:site_name\" content=\"H\u00f6rle Wire\" \/>\n<meta property=\"article:modified_time\" content=\"2025-02-17T13:45:05+00:00\" \/>\n<meta name=\"twitter:card\" content=\"summary_large_image\" \/>\n<meta name=\"twitter:label1\" content=\"Predpokladan\u00fd \u010das \u010d\u00edtania\" \/>\n\t<meta name=\"twitter:data1\" content=\"2 min\u00faty\" \/>\n<script type=\"application\/ld+json\" class=\"yoast-schema-graph\">{\"@context\":\"https:\/\/schema.org\",\"@graph\":[{\"@type\":\"WebPage\",\"@id\":\"https:\/\/horlewire.com\/sk\/kvalita-zivotne-prostredie\/\",\"url\":\"https:\/\/horlewire.com\/sk\/kvalita-zivotne-prostredie\/\",\"name\":\"H\u00f6rle Wire | Vi tar aktivt ansvar f\u00f6r milj\u00f6n | Kvalitet och milj\u00f6\",\"isPartOf\":{\"@id\":\"https:\/\/horlewire.com\/sk\/#website\"},\"datePublished\":\"2019-09-23T19:07:32+00:00\",\"dateModified\":\"2025-02-17T13:45:05+00:00\",\"description\":\"Vi tar aktivt ansvar f\u00f6r milj\u00f6n och arbetar f\u00f6r att minimera v\u00e5r milj\u00f6p\u00e5verkan. L\u00e4s mer om hur vi p\u00e5 H\u00f6rle Wire arbetar med kvalitet och milj\u00f6.\",\"breadcrumb\":{\"@id\":\"https:\/\/horlewire.com\/sk\/kvalita-zivotne-prostredie\/#breadcrumb\"},\"inLanguage\":\"sk-SK\",\"potentialAction\":[{\"@type\":\"ReadAction\",\"target\":[\"https:\/\/horlewire.com\/sk\/kvalita-zivotne-prostredie\/\"]}]},{\"@type\":\"BreadcrumbList\",\"@id\":\"https:\/\/horlewire.com\/sk\/kvalita-zivotne-prostredie\/#breadcrumb\",\"itemListElement\":[{\"@type\":\"ListItem\",\"position\":1,\"name\":\"Hem\",\"item\":\"https:\/\/horlewire.com\/sk\/\"},{\"@type\":\"ListItem\",\"position\":2,\"name\":\"Kvalita &#038; \u017divotne prostredie\"}]},{\"@type\":\"WebSite\",\"@id\":\"https:\/\/horlewire.com\/sk\/#website\",\"url\":\"https:\/\/horlewire.com\/sk\/\",\"name\":\"H\u00f6rle Wire\",\"description\":\"Welcome to H\u00f6rle Wire Group\",\"potentialAction\":[{\"@type\":\"SearchAction\",\"target\":{\"@type\":\"EntryPoint\",\"urlTemplate\":\"https:\/\/horlewire.com\/sk\/?s={search_term_string}\"},\"query-input\":{\"@type\":\"PropertyValueSpecification\",\"valueRequired\":true,\"valueName\":\"search_term_string\"}}],\"inLanguage\":\"sk-SK\"}]}<\/script>\n<!-- \/ Yoast SEO plugin. -->","yoast_head_json":{"title":"H\u00f6rle Wire | Vi tar aktivt ansvar f\u00f6r milj\u00f6n | Kvalitet och milj\u00f6","description":"Vi tar aktivt ansvar f\u00f6r milj\u00f6n och arbetar f\u00f6r att minimera v\u00e5r milj\u00f6p\u00e5verkan. L\u00e4s mer om hur vi p\u00e5 H\u00f6rle Wire arbetar med kvalitet och milj\u00f6.","robots":{"index":"index","follow":"follow","max-snippet":"max-snippet:-1","max-image-preview":"max-image-preview:large","max-video-preview":"max-video-preview:-1"},"canonical":"https:\/\/horlewire.com\/sk\/kvalita-zivotne-prostredie\/","og_locale":"sk_SK","og_type":"article","og_title":"H\u00f6rle Wire | Vi tar aktivt ansvar f\u00f6r milj\u00f6n | Kvalitet och milj\u00f6","og_description":"Vi tar aktivt ansvar f\u00f6r milj\u00f6n och arbetar f\u00f6r att minimera v\u00e5r milj\u00f6p\u00e5verkan. L\u00e4s mer om hur vi p\u00e5 H\u00f6rle Wire arbetar med kvalitet och milj\u00f6.","og_url":"https:\/\/horlewire.com\/sk\/kvalita-zivotne-prostredie\/","og_site_name":"H\u00f6rle Wire","article_modified_time":"2025-02-17T13:45:05+00:00","twitter_card":"summary_large_image","twitter_misc":{"Predpokladan\u00fd \u010das \u010d\u00edtania":"2 min\u00faty"},"schema":{"@context":"https:\/\/schema.org","@graph":[{"@type":"WebPage","@id":"https:\/\/horlewire.com\/sk\/kvalita-zivotne-prostredie\/","url":"https:\/\/horlewire.com\/sk\/kvalita-zivotne-prostredie\/","name":"H\u00f6rle Wire | Vi tar aktivt ansvar f\u00f6r milj\u00f6n | Kvalitet och milj\u00f6","isPartOf":{"@id":"https:\/\/horlewire.com\/sk\/#website"},"datePublished":"2019-09-23T19:07:32+00:00","dateModified":"2025-02-17T13:45:05+00:00","description":"Vi tar aktivt ansvar f\u00f6r milj\u00f6n och arbetar f\u00f6r att minimera v\u00e5r milj\u00f6p\u00e5verkan. L\u00e4s mer om hur vi p\u00e5 H\u00f6rle Wire arbetar med kvalitet och milj\u00f6.","breadcrumb":{"@id":"https:\/\/horlewire.com\/sk\/kvalita-zivotne-prostredie\/#breadcrumb"},"inLanguage":"sk-SK","potentialAction":[{"@type":"ReadAction","target":["https:\/\/horlewire.com\/sk\/kvalita-zivotne-prostredie\/"]}]},{"@type":"BreadcrumbList","@id":"https:\/\/horlewire.com\/sk\/kvalita-zivotne-prostredie\/#breadcrumb","itemListElement":[{"@type":"ListItem","position":1,"name":"Hem","item":"https:\/\/horlewire.com\/sk\/"},{"@type":"ListItem","position":2,"name":"Kvalita &#038; \u017divotne prostredie"}]},{"@type":"WebSite","@id":"https:\/\/horlewire.com\/sk\/#website","url":"https:\/\/horlewire.com\/sk\/","name":"H\u00f6rle Wire","description":"Welcome to H\u00f6rle Wire Group","potentialAction":[{"@type":"SearchAction","target":{"@type":"EntryPoint","urlTemplate":"https:\/\/horlewire.com\/sk\/?s={search_term_string}"},"query-input":{"@type":"PropertyValueSpecification","valueRequired":true,"valueName":"search_term_string"}}],"inLanguage":"sk-SK"}]}},"_links":{"self":[{"href":"https:\/\/horlewire.com\/sk\/wp-json\/wp\/v2\/pages\/559","targetHints":{"allow":["GET"]}}],"collection":[{"href":"https:\/\/horlewire.com\/sk\/wp-json\/wp\/v2\/pages"}],"about":[{"href":"https:\/\/horlewire.com\/sk\/wp-json\/wp\/v2\/types\/page"}],"author":[{"embeddable":true,"href":"https:\/\/horlewire.com\/sk\/wp-json\/wp\/v2\/users\/1"}],"replies":[{"embeddable":true,"href":"https:\/\/horlewire.com\/sk\/wp-json\/wp\/v2\/comments?post=559"}],"version-history":[{"count":15,"href":"https:\/\/horlewire.com\/sk\/wp-json\/wp\/v2\/pages\/559\/revisions"}],"predecessor-version":[{"id":744,"href":"https:\/\/horlewire.com\/sk\/wp-json\/wp\/v2\/pages\/559\/revisions\/744"}],"wp:attachment":[{"href":"https:\/\/horlewire.com\/sk\/wp-json\/wp\/v2\/media?parent=559"}],"curies":[{"name":"wp","href":"https:\/\/api.w.org\/{rel}","templated":true}]}}